{"id":8117,"date":"2020-10-14T15:45:42","date_gmt":"2020-10-14T15:45:42","guid":{"rendered":"http:\/\/sugartwin.wpengine.com\/faq\/"},"modified":"2020-11-19T22:37:04","modified_gmt":"2020-11-19T22:37:04","slug":"faq","status":"publish","type":"page","link":"https:\/\/skinnygirlproducts.ca\/fr_ca\/faq\/","title":{"rendered":"FAQ"},"content":{"rendered":"\t\t<div data-elementor-type=\"wp-page\" data-elementor-id=\"8117\" class=\"elementor elementor-8117 elementor-7853\" data-elementor-post-type=\"page\">\n\t\t\t\t\t\t<section class=\"elementor-section elementor-top-section elementor-element elementor-element-65201af8 elementor-section-boxed elementor-section-height-default elementor-section-height-default\" data-id=\"65201af8\" data-element_type=\"section\" data-e-type=\"section\">\n\t\t\t\t\t\t<div class=\"elementor-container elementor-column-gap-default\">\n\t\t\t\t\t<div class=\"elementor-column elementor-col-16 elementor-top-column elementor-element elementor-element-636927b6\" data-id=\"636927b6\" data-element_type=\"column\" data-e-type=\"column\">\n\t\t\t<div class=\"elementor-widget-wrap\">\n\t\t\t\t\t\t\t<\/div>\n\t\t<\/div>\n\t\t\t\t<div class=\"elementor-column elementor-col-66 elementor-top-column elementor-element elementor-element-258e719d\" data-id=\"258e719d\" data-element_type=\"column\" data-e-type=\"column\">\n\t\t\t<div class=\"elementor-widget-wrap elementor-element-populated\">\n\t\t\t\t\t\t<div class=\"elementor-element elementor-element-bdaca3b elementor-widget elementor-widget-html\" data-id=\"bdaca3b\" data-element_type=\"widget\" data-e-type=\"widget\" data-widget_type=\"html.default\">\n\t\t\t\t<div class=\"elementor-widget-container\">\n\t\t\t\t\t<a href=\"#\" onclick=\"expandAllTabs(event)\">\u00c9tendre Tout<\/a>\u00a0\u00a0\u00a0|\u00a0\r\n<a href=\"#\" onclick=\"collapseAllTabs(event)\">Comprimer Tout<\/a>\r\n\r\n\r\n<script>\r\n    function expandAllTabs(e) {\r\n       e.preventDefault();\r\n       let  toggles = document.querySelectorAll('.elementor-tab-title');\r\n       \r\n       for (let toggle of toggles) {\r\n            if(!toggle.classList.contains('elementor-active')) {\r\n                toggle.click();\r\n            }\r\n        console.log(toggle);\r\n       }\r\n       \r\n    }\r\n\t\r\n\tfunction collapseAllTabs(e) {\r\n       e.preventDefault();\r\n       let  toggles = document.querySelectorAll('.elementor-tab-title');\r\n       \r\n       for (let toggle of toggles) {\r\n            if(toggle.classList.contains('elementor-active')) {\r\n                toggle.click();\r\n            }\r\n        console.log(toggle);\r\n       }\r\n       \r\n    }\r\n    \r\n<\/script>\t\t\t\t<\/div>\n\t\t\t\t<\/div>\n\t\t\t\t<div class=\"elementor-element elementor-element-15c154fd elementor-widget elementor-widget-toggle\" data-id=\"15c154fd\" data-element_type=\"widget\" data-e-type=\"widget\" data-widget_type=\"toggle.default\">\n\t\t\t\t<div class=\"elementor-widget-container\">\n\t\t\t\t\t\t\t<div class=\"elementor-toggle\">\n\t\t\t\t\t\t\t<div class=\"elementor-toggle-item\">\n\t\t\t\t\t<div id=\"elementor-tab-title-3641\" class=\"elementor-tab-title\" data-tab=\"1\" role=\"button\" aria-controls=\"elementor-tab-content-3641\" aria-expanded=\"false\">\n\t\t\t\t\t\t\t\t\t\t\t\t<span class=\"elementor-toggle-icon elementor-toggle-icon-left\" aria-hidden=\"true\">\n\t\t\t\t\t\t\t\t\t\t\t\t\t\t\t<span class=\"elementor-toggle-icon-closed\"><i class=\"fas fa-plus-circle\"><\/i><\/span>\n\t\t\t\t\t\t\t\t<span class=\"elementor-toggle-icon-opened\"><i class=\"elementor-toggle-icon-opened fas fa-minus-circle\"><\/i><\/span>\n\t\t\t\t\t\t\t\t\t\t\t\t\t<\/span>\n\t\t\t\t\t\t\t\t\t\t\t\t<a class=\"elementor-toggle-title\" tabindex=\"0\">Qu\u2019est-ce que <em>Sugar Twin<\/em>?<\/a>\n\t\t\t\t\t<\/div>\n\n\t\t\t\t\t<div id=\"elementor-tab-content-3641\" class=\"elementor-tab-content elementor-clearfix\" data-tab=\"1\" role=\"region\" aria-labelledby=\"elementor-tab-title-3641\"><p><em>Sugar Twin<\/em>\u00a0est un succ\u00e9dan\u00e9 acalorique du sucre servant \u00e0 remplacer celui-ci partout o\u00f9 il est utilis\u00e9. Les produits\u00a0<em>Sugar Twin<\/em>\u00a0servent notamment en cuisine, en p\u00e2tisserie et dans la pr\u00e9paration des boissons.<\/p>\n<\/div>\n\t\t\t\t<\/div>\n\t\t\t\t\t\t\t<div class=\"elementor-toggle-item\">\n\t\t\t\t\t<div id=\"elementor-tab-title-3642\" class=\"elementor-tab-title\" data-tab=\"2\" role=\"button\" aria-controls=\"elementor-tab-content-3642\" aria-expanded=\"false\">\n\t\t\t\t\t\t\t\t\t\t\t\t<span class=\"elementor-toggle-icon elementor-toggle-icon-left\" aria-hidden=\"true\">\n\t\t\t\t\t\t\t\t\t\t\t\t\t\t\t<span class=\"elementor-toggle-icon-closed\"><i class=\"fas fa-plus-circle\"><\/i><\/span>\n\t\t\t\t\t\t\t\t<span class=\"elementor-toggle-icon-opened\"><i class=\"elementor-toggle-icon-opened fas fa-minus-circle\"><\/i><\/span>\n\t\t\t\t\t\t\t\t\t\t\t\t\t<\/span>\n\t\t\t\t\t\t\t\t\t\t\t\t<a class=\"elementor-toggle-title\" tabindex=\"0\">Pourquoi utiliser <em>Sugar Twin<\/em>?<\/a>\n\t\t\t\t\t<\/div>\n\n\t\t\t\t\t<div id=\"elementor-tab-content-3642\" class=\"elementor-tab-content elementor-clearfix\" data-tab=\"2\" role=\"region\" aria-labelledby=\"elementor-tab-title-3642\"><p><em>Sugar Twin<\/em>\u00a0permet d\u2019obtenir une saveur sucr\u00e9e sans hausser le nombre de calories consomm\u00e9es. Nos produits constituent des solutions de rechange avantageuses pour les gens qui cherchent \u00e0 r\u00e9duire leur apport calorique, mais aussi pour ceux qui souhaitent consommer moins de sucre.<\/p>\n<\/div>\n\t\t\t\t<\/div>\n\t\t\t\t\t\t\t<div class=\"elementor-toggle-item\">\n\t\t\t\t\t<div id=\"elementor-tab-title-3643\" class=\"elementor-tab-title\" data-tab=\"3\" role=\"button\" aria-controls=\"elementor-tab-content-3643\" aria-expanded=\"false\">\n\t\t\t\t\t\t\t\t\t\t\t\t<span class=\"elementor-toggle-icon elementor-toggle-icon-left\" aria-hidden=\"true\">\n\t\t\t\t\t\t\t\t\t\t\t\t\t\t\t<span class=\"elementor-toggle-icon-closed\"><i class=\"fas fa-plus-circle\"><\/i><\/span>\n\t\t\t\t\t\t\t\t<span class=\"elementor-toggle-icon-opened\"><i class=\"elementor-toggle-icon-opened fas fa-minus-circle\"><\/i><\/span>\n\t\t\t\t\t\t\t\t\t\t\t\t\t<\/span>\n\t\t\t\t\t\t\t\t\t\t\t\t<a class=\"elementor-toggle-title\" tabindex=\"0\">Combien de calories l\u2019\u00e9dulcorant <em>Sugar Twin<\/em> contient-il?<\/a>\n\t\t\t\t\t<\/div>\n\n\t\t\t\t\t<div id=\"elementor-tab-content-3643\" class=\"elementor-tab-content elementor-clearfix\" data-tab=\"3\" role=\"region\" aria-labelledby=\"elementor-tab-title-3643\"><p>Vous voulez \u00e9dulcorer sans vous pr\u00e9occuper de compter les calories? Voil\u00e0 le moyen d\u2019y parvenir!\u00a0<em>Sugar Twin<\/em>\u00a0contient Z\u00c9RO calories, mais il \u00e9dulcore comme le sucre. C\u2019est la parfaite solution de rechange au sucre.<\/p>\n<\/div>\n\t\t\t\t<\/div>\n\t\t\t\t\t\t\t<div class=\"elementor-toggle-item\">\n\t\t\t\t\t<div id=\"elementor-tab-title-3644\" class=\"elementor-tab-title\" data-tab=\"4\" role=\"button\" aria-controls=\"elementor-tab-content-3644\" aria-expanded=\"false\">\n\t\t\t\t\t\t\t\t\t\t\t\t<span class=\"elementor-toggle-icon elementor-toggle-icon-left\" aria-hidden=\"true\">\n\t\t\t\t\t\t\t\t\t\t\t\t\t\t\t<span class=\"elementor-toggle-icon-closed\"><i class=\"fas fa-plus-circle\"><\/i><\/span>\n\t\t\t\t\t\t\t\t<span class=\"elementor-toggle-icon-opened\"><i class=\"elementor-toggle-icon-opened fas fa-minus-circle\"><\/i><\/span>\n\t\t\t\t\t\t\t\t\t\t\t\t\t<\/span>\n\t\t\t\t\t\t\t\t\t\t\t\t<a class=\"elementor-toggle-title\" tabindex=\"0\">Les produits <em>Sugar Twin<\/em> sont-ils cach\u00e8res?<\/a>\n\t\t\t\t\t<\/div>\n\n\t\t\t\t\t<div id=\"elementor-tab-content-3644\" class=\"elementor-tab-content elementor-clearfix\" data-tab=\"4\" role=\"region\" aria-labelledby=\"elementor-tab-title-3644\"><p>Tout \u00e0 fait. Les produits\u00a0<em>Sugar Twin<\/em>\u00a0sont certifi\u00e9s cach\u00e8res.<\/p>\n<\/div>\n\t\t\t\t<\/div>\n\t\t\t\t\t\t\t<div class=\"elementor-toggle-item\">\n\t\t\t\t\t<div id=\"elementor-tab-title-3645\" class=\"elementor-tab-title\" data-tab=\"5\" role=\"button\" aria-controls=\"elementor-tab-content-3645\" aria-expanded=\"false\">\n\t\t\t\t\t\t\t\t\t\t\t\t<span class=\"elementor-toggle-icon elementor-toggle-icon-left\" aria-hidden=\"true\">\n\t\t\t\t\t\t\t\t\t\t\t\t\t\t\t<span class=\"elementor-toggle-icon-closed\"><i class=\"fas fa-plus-circle\"><\/i><\/span>\n\t\t\t\t\t\t\t\t<span class=\"elementor-toggle-icon-opened\"><i class=\"elementor-toggle-icon-opened fas fa-minus-circle\"><\/i><\/span>\n\t\t\t\t\t\t\t\t\t\t\t\t\t<\/span>\n\t\t\t\t\t\t\t\t\t\t\t\t<a class=\"elementor-toggle-title\" tabindex=\"0\">O\u00f9 peut-on acheter <em>Sugar Twin<\/em>?<\/a>\n\t\t\t\t\t<\/div>\n\n\t\t\t\t\t<div id=\"elementor-tab-content-3645\" class=\"elementor-tab-content elementor-clearfix\" data-tab=\"5\" role=\"region\" aria-labelledby=\"elementor-tab-title-3645\"><p>Les produits\u00a0<em>Sugar Twin<\/em>\u00a0sont vendus dans les \u00e9piceries \u00e0 l\u2019\u00e9chelle du Canada.<\/p>\n<\/div>\n\t\t\t\t<\/div>\n\t\t\t\t\t\t\t<div class=\"elementor-toggle-item\">\n\t\t\t\t\t<div id=\"elementor-tab-title-3646\" class=\"elementor-tab-title\" data-tab=\"6\" role=\"button\" aria-controls=\"elementor-tab-content-3646\" aria-expanded=\"false\">\n\t\t\t\t\t\t\t\t\t\t\t\t<span class=\"elementor-toggle-icon elementor-toggle-icon-left\" aria-hidden=\"true\">\n\t\t\t\t\t\t\t\t\t\t\t\t\t\t\t<span class=\"elementor-toggle-icon-closed\"><i class=\"fas fa-plus-circle\"><\/i><\/span>\n\t\t\t\t\t\t\t\t<span class=\"elementor-toggle-icon-opened\"><i class=\"elementor-toggle-icon-opened fas fa-minus-circle\"><\/i><\/span>\n\t\t\t\t\t\t\t\t\t\t\t\t\t<\/span>\n\t\t\t\t\t\t\t\t\t\t\t\t<a class=\"elementor-toggle-title\" tabindex=\"0\">En quelles vari\u00e9t\u00e9s <em>Sugar Twin<\/em>  est-il offert?<\/a>\n\t\t\t\t\t<\/div>\n\n\t\t\t\t\t<div id=\"elementor-tab-content-3646\" class=\"elementor-tab-content elementor-clearfix\" data-tab=\"6\" role=\"region\" aria-labelledby=\"elementor-tab-title-3646\"><p>Au Canada,\u00a0<em>Sugar Twin<\/em>\u00a0est offert sous forme de sachets et d\u2019\u00e9dulcorant granul\u00e9 blanc.<\/p>\n<\/div>\n\t\t\t\t<\/div>\n\t\t\t\t\t\t\t<div class=\"elementor-toggle-item\">\n\t\t\t\t\t<div id=\"elementor-tab-title-3647\" class=\"elementor-tab-title\" data-tab=\"7\" role=\"button\" aria-controls=\"elementor-tab-content-3647\" aria-expanded=\"false\">\n\t\t\t\t\t\t\t\t\t\t\t\t<span class=\"elementor-toggle-icon elementor-toggle-icon-left\" aria-hidden=\"true\">\n\t\t\t\t\t\t\t\t\t\t\t\t\t\t\t<span class=\"elementor-toggle-icon-closed\"><i class=\"fas fa-plus-circle\"><\/i><\/span>\n\t\t\t\t\t\t\t\t<span class=\"elementor-toggle-icon-opened\"><i class=\"elementor-toggle-icon-opened fas fa-minus-circle\"><\/i><\/span>\n\t\t\t\t\t\t\t\t\t\t\t\t\t<\/span>\n\t\t\t\t\t\t\t\t\t\t\t\t<a class=\"elementor-toggle-title\" tabindex=\"0\">Quelle vari\u00e9t\u00e9 de maltodextrine trouve-t-on dans <em>Sugar Twin<\/em>?<\/a>\n\t\t\t\t\t<\/div>\n\n\t\t\t\t\t<div id=\"elementor-tab-content-3647\" class=\"elementor-tab-content elementor-clearfix\" data-tab=\"7\" role=\"region\" aria-labelledby=\"elementor-tab-title-3647\"><p>La maltodextrine que contiennent les produits\u00a0<em>Sugar Twin<\/em>\u00a0provient enti\u00e8rement du ma\u00efs.<\/p>\n<\/div>\n\t\t\t\t<\/div>\n\t\t\t\t\t\t\t\t<\/div>\n\t\t\t\t\t\t<\/div>\n\t\t\t\t<\/div>\n\t\t\t\t\t<\/div>\n\t\t<\/div>\n\t\t\t\t<div class=\"elementor-column elementor-col-16 elementor-top-column elementor-element elementor-element-437ddebb\" data-id=\"437ddebb\" data-element_type=\"column\" data-e-type=\"column\">\n\t\t\t<div class=\"elementor-widget-wrap\">\n\t\t\t\t\t\t\t<\/div>\n\t\t<\/div>\n\t\t\t\t\t<\/div>\n\t\t<\/section>\n\t\t\t\t<\/div>\n\t\t","protected":false},"excerpt":{"rendered":"<p>\u00c9tendre Tout\u00a0\u00a0\u00a0|\u00a0 Comprimer Tout Qu\u2019est-ce que Sugar Twin? Sugar Twin\u00a0est un succ\u00e9dan\u00e9 acalorique du sucre servant \u00e0 remplacer celui-ci partout o\u00f9 il est utilis\u00e9. Les produits\u00a0Sugar Twin\u00a0servent notamment en cuisine, en p\u00e2tisserie et dans la pr\u00e9paration des boissons. Pourquoi utiliser Sugar Twin? Sugar Twin\u00a0permet d\u2019obtenir une saveur sucr\u00e9e sans hausser le nombre de calories consomm\u00e9es. [&hellip;]<\/p>\n","protected":false},"author":4,"featured_media":8080,"parent":0,"menu_order":0,"comment_status":"closed","ping_status":"closed","template":"","meta":{"_acf_changed":false,"footnotes":""},"class_list":["post-8117","page","type-page","status-publish","has-post-thumbnail","hentry"],"acf":[],"yoast_head":"<!-- This site is optimized with the Yoast SEO Premium plugin v21.5 (Yoast SEO v27.4) - https:\/\/yoast.com\/product\/yoast-seo-premium-wordpress\/ -->\n<title>FAQ - Skinnygirl Canada<\/title>\n<meta name=\"robots\" content=\"index, follow, max-snippet:-1, max-image-preview:large, max-video-preview:-1\" \/>\n<link rel=\"canonical\" href=\"https:\/\/skinnygirlproducts.ca\/fr_ca\/faq\/\" \/>\n<meta property=\"og:locale\" content=\"fr_CA\" \/>\n<meta property=\"og:type\" content=\"article\" \/>\n<meta property=\"og:title\" content=\"FAQ\" \/>\n<meta property=\"og:description\" content=\"\u00c9tendre Tout\u00a0\u00a0\u00a0|\u00a0 Comprimer Tout Qu\u2019est-ce que Sugar Twin? Sugar Twin\u00a0est un succ\u00e9dan\u00e9 acalorique du sucre servant \u00e0 remplacer celui-ci partout o\u00f9 il est\" \/>\n<meta property=\"og:url\" content=\"https:\/\/skinnygirlproducts.ca\/fr_ca\/faq\/\" \/>\n<meta property=\"og:site_name\" content=\"Skinnygirl Canada\" \/>\n<meta property=\"article:modified_time\" content=\"2020-11-19T22:37:04+00:00\" \/>\n<meta property=\"og:image\" content=\"https:\/\/skinnygirlproducts.ca\/wp-content\/uploads\/FAQ-scaled.jpg\" \/>\n\t<meta property=\"og:image:width\" content=\"2560\" \/>\n\t<meta property=\"og:image:height\" content=\"444\" \/>\n\t<meta property=\"og:image:type\" content=\"image\/jpeg\" \/>\n<meta name=\"twitter:card\" content=\"summary_large_image\" \/>\n<meta name=\"twitter:label1\" content=\"Estimation du temps de lecture\" \/>\n\t<meta name=\"twitter:data1\" content=\"1 minute\" \/>\n<script type=\"application\/ld+json\" class=\"yoast-schema-graph\">{\"@context\":\"https:\\\/\\\/schema.org\",\"@graph\":[{\"@type\":\"WebPage\",\"@id\":\"https:\\\/\\\/skinnygirlproducts.ca\\\/fr_ca\\\/faq\\\/\",\"url\":\"https:\\\/\\\/skinnygirlproducts.ca\\\/fr_ca\\\/faq\\\/\",\"name\":\"FAQ - Skinnygirl Canada\",\"isPartOf\":{\"@id\":\"https:\\\/\\\/skinnygirlproducts.ca\\\/#website\"},\"primaryImageOfPage\":{\"@id\":\"https:\\\/\\\/skinnygirlproducts.ca\\\/fr_ca\\\/faq\\\/#primaryimage\"},\"image\":{\"@id\":\"https:\\\/\\\/skinnygirlproducts.ca\\\/fr_ca\\\/faq\\\/#primaryimage\"},\"thumbnailUrl\":\"https:\\\/\\\/skinnygirlproducts.ca\\\/wp-content\\\/uploads\\\/FAQ-scaled.jpg\",\"datePublished\":\"2020-10-14T15:45:42+00:00\",\"dateModified\":\"2020-11-19T22:37:04+00:00\",\"breadcrumb\":{\"@id\":\"https:\\\/\\\/skinnygirlproducts.ca\\\/fr_ca\\\/faq\\\/#breadcrumb\"},\"inLanguage\":\"fr-CA\",\"potentialAction\":[{\"@type\":\"ReadAction\",\"target\":[\"https:\\\/\\\/skinnygirlproducts.ca\\\/fr_ca\\\/faq\\\/\"]}]},{\"@type\":\"ImageObject\",\"inLanguage\":\"fr-CA\",\"@id\":\"https:\\\/\\\/skinnygirlproducts.ca\\\/fr_ca\\\/faq\\\/#primaryimage\",\"url\":\"https:\\\/\\\/skinnygirlproducts.ca\\\/wp-content\\\/uploads\\\/FAQ-scaled.jpg\",\"contentUrl\":\"https:\\\/\\\/skinnygirlproducts.ca\\\/wp-content\\\/uploads\\\/FAQ-scaled.jpg\",\"width\":2560,\"height\":444},{\"@type\":\"BreadcrumbList\",\"@id\":\"https:\\\/\\\/skinnygirlproducts.ca\\\/fr_ca\\\/faq\\\/#breadcrumb\",\"itemListElement\":[{\"@type\":\"ListItem\",\"position\":1,\"name\":\"Home\",\"item\":\"https:\\\/\\\/skinnygirlproducts.ca\\\/fr_ca\\\/\"},{\"@type\":\"ListItem\",\"position\":2,\"name\":\"FAQ\"}]},{\"@type\":\"WebSite\",\"@id\":\"https:\\\/\\\/skinnygirlproducts.ca\\\/#website\",\"url\":\"https:\\\/\\\/skinnygirlproducts.ca\\\/\",\"name\":\"Skinnygirl Canada\",\"description\":\"Skinnygirl Canada Dressings\",\"publisher\":{\"@id\":\"https:\\\/\\\/skinnygirlproducts.ca\\\/#organization\"},\"potentialAction\":[{\"@type\":\"SearchAction\",\"target\":{\"@type\":\"EntryPoint\",\"urlTemplate\":\"https:\\\/\\\/skinnygirlproducts.ca\\\/?s={search_term_string}\"},\"query-input\":{\"@type\":\"PropertyValueSpecification\",\"valueRequired\":true,\"valueName\":\"search_term_string\"}}],\"inLanguage\":\"fr-CA\"},{\"@type\":\"Organization\",\"@id\":\"https:\\\/\\\/skinnygirlproducts.ca\\\/#organization\",\"name\":\"Sugar Twin CA\",\"url\":\"https:\\\/\\\/skinnygirlproducts.ca\\\/\",\"logo\":{\"@type\":\"ImageObject\",\"inLanguage\":\"fr-CA\",\"@id\":\"https:\\\/\\\/skinnygirlproducts.ca\\\/#\\\/schema\\\/logo\\\/image\\\/\",\"url\":\"https:\\\/\\\/skinnygirlproducts.ca\\\/wp-content\\\/uploads\\\/sugar-Twin_CA.png\",\"contentUrl\":\"https:\\\/\\\/skinnygirlproducts.ca\\\/wp-content\\\/uploads\\\/sugar-Twin_CA.png\",\"width\":720,\"height\":474,\"caption\":\"Sugar Twin CA\"},\"image\":{\"@id\":\"https:\\\/\\\/skinnygirlproducts.ca\\\/#\\\/schema\\\/logo\\\/image\\\/\"}}]}<\/script>\n<!-- \/ Yoast SEO Premium plugin. -->","yoast_head_json":{"title":"FAQ - Skinnygirl Canada","robots":{"index":"index","follow":"follow","max-snippet":"max-snippet:-1","max-image-preview":"max-image-preview:large","max-video-preview":"max-video-preview:-1"},"canonical":"https:\/\/skinnygirlproducts.ca\/fr_ca\/faq\/","og_locale":"fr_CA","og_type":"article","og_title":"FAQ","og_description":"\u00c9tendre Tout\u00a0\u00a0\u00a0|\u00a0 Comprimer Tout Qu\u2019est-ce que Sugar Twin? Sugar Twin\u00a0est un succ\u00e9dan\u00e9 acalorique du sucre servant \u00e0 remplacer celui-ci partout o\u00f9 il est","og_url":"https:\/\/skinnygirlproducts.ca\/fr_ca\/faq\/","og_site_name":"Skinnygirl Canada","article_modified_time":"2020-11-19T22:37:04+00:00","og_image":[{"width":2560,"height":444,"url":"https:\/\/skinnygirlproducts.ca\/wp-content\/uploads\/FAQ-scaled.jpg","type":"image\/jpeg"}],"twitter_card":"summary_large_image","twitter_misc":{"Estimation du temps de lecture":"1 minute"},"schema":{"@context":"https:\/\/schema.org","@graph":[{"@type":"WebPage","@id":"https:\/\/skinnygirlproducts.ca\/fr_ca\/faq\/","url":"https:\/\/skinnygirlproducts.ca\/fr_ca\/faq\/","name":"FAQ - Skinnygirl Canada","isPartOf":{"@id":"https:\/\/skinnygirlproducts.ca\/#website"},"primaryImageOfPage":{"@id":"https:\/\/skinnygirlproducts.ca\/fr_ca\/faq\/#primaryimage"},"image":{"@id":"https:\/\/skinnygirlproducts.ca\/fr_ca\/faq\/#primaryimage"},"thumbnailUrl":"https:\/\/skinnygirlproducts.ca\/wp-content\/uploads\/FAQ-scaled.jpg","datePublished":"2020-10-14T15:45:42+00:00","dateModified":"2020-11-19T22:37:04+00:00","breadcrumb":{"@id":"https:\/\/skinnygirlproducts.ca\/fr_ca\/faq\/#breadcrumb"},"inLanguage":"fr-CA","potentialAction":[{"@type":"ReadAction","target":["https:\/\/skinnygirlproducts.ca\/fr_ca\/faq\/"]}]},{"@type":"ImageObject","inLanguage":"fr-CA","@id":"https:\/\/skinnygirlproducts.ca\/fr_ca\/faq\/#primaryimage","url":"https:\/\/skinnygirlproducts.ca\/wp-content\/uploads\/FAQ-scaled.jpg","contentUrl":"https:\/\/skinnygirlproducts.ca\/wp-content\/uploads\/FAQ-scaled.jpg","width":2560,"height":444},{"@type":"BreadcrumbList","@id":"https:\/\/skinnygirlproducts.ca\/fr_ca\/faq\/#breadcrumb","itemListElement":[{"@type":"ListItem","position":1,"name":"Home","item":"https:\/\/skinnygirlproducts.ca\/fr_ca\/"},{"@type":"ListItem","position":2,"name":"FAQ"}]},{"@type":"WebSite","@id":"https:\/\/skinnygirlproducts.ca\/#website","url":"https:\/\/skinnygirlproducts.ca\/","name":"Skinnygirl Canada","description":"Skinnygirl Canada Dressings","publisher":{"@id":"https:\/\/skinnygirlproducts.ca\/#organization"},"potentialAction":[{"@type":"SearchAction","target":{"@type":"EntryPoint","urlTemplate":"https:\/\/skinnygirlproducts.ca\/?s={search_term_string}"},"query-input":{"@type":"PropertyValueSpecification","valueRequired":true,"valueName":"search_term_string"}}],"inLanguage":"fr-CA"},{"@type":"Organization","@id":"https:\/\/skinnygirlproducts.ca\/#organization","name":"Sugar Twin CA","url":"https:\/\/skinnygirlproducts.ca\/","logo":{"@type":"ImageObject","inLanguage":"fr-CA","@id":"https:\/\/skinnygirlproducts.ca\/#\/schema\/logo\/image\/","url":"https:\/\/skinnygirlproducts.ca\/wp-content\/uploads\/sugar-Twin_CA.png","contentUrl":"https:\/\/skinnygirlproducts.ca\/wp-content\/uploads\/sugar-Twin_CA.png","width":720,"height":474,"caption":"Sugar Twin CA"},"image":{"@id":"https:\/\/skinnygirlproducts.ca\/#\/schema\/logo\/image\/"}}]}},"_links":{"self":[{"href":"https:\/\/skinnygirlproducts.ca\/fr_ca\/wp-json\/wp\/v2\/pages\/8117","targetHints":{"allow":["GET"]}}],"collection":[{"href":"https:\/\/skinnygirlproducts.ca\/fr_ca\/wp-json\/wp\/v2\/pages"}],"about":[{"href":"https:\/\/skinnygirlproducts.ca\/fr_ca\/wp-json\/wp\/v2\/types\/page"}],"author":[{"embeddable":true,"href":"https:\/\/skinnygirlproducts.ca\/fr_ca\/wp-json\/wp\/v2\/users\/4"}],"replies":[{"embeddable":true,"href":"https:\/\/skinnygirlproducts.ca\/fr_ca\/wp-json\/wp\/v2\/comments?post=8117"}],"version-history":[{"count":0,"href":"https:\/\/skinnygirlproducts.ca\/fr_ca\/wp-json\/wp\/v2\/pages\/8117\/revisions"}],"wp:featuredmedia":[{"embeddable":true,"href":"https:\/\/skinnygirlproducts.ca\/fr_ca\/wp-json\/wp\/v2\/media\/8080"}],"wp:attachment":[{"href":"https:\/\/skinnygirlproducts.ca\/fr_ca\/wp-json\/wp\/v2\/media?parent=8117"}],"curies":[{"name":"wp","href":"https:\/\/api.w.org\/{rel}","templated":true}]}}