{"id":8675,"date":"2022-05-11T18:29:18","date_gmt":"2022-05-11T18:29:18","guid":{"rendered":"https:\/\/skinnygirlproducts.ca\/product\/honey-dijon\/"},"modified":"2025-02-28T17:43:34","modified_gmt":"2025-02-28T17:43:34","slug":"miel-et-moutarde-de-dijon","status":"publish","type":"product","link":"https:\/\/skinnygirlproducts.ca\/fr_ca\/produit\/miel-et-moutarde-de-dijon\/","title":{"rendered":"Miel et moutarde de Dijon"},"content":{"rendered":"<p>Rien ne vaut les saveurs puissantes de la moutarde de Dijon et du miel. Associez cette vinaigrette sans mati\u00e8res grasses \u00e0 votre m\u00e9lange de salades pr\u00e9f\u00e9r\u00e9. La vinaigrette au miel et \u00e0 la moutarde de Dijon Skinnygirl<sup style=\"font-size: 7pt; top: -.8em;\">MC<\/sup> est excellente sur des salades plus am\u00e8res, car la vinaigrette sucr\u00e9e et sal\u00e9e \u00e9quilibre les saveurs plus fortes. \u00c0 servir sur une salade, ou \u00e0 utiliser comme une sauce de trempage d\u00e9licieuse et sans culpabilit\u00e9.<\/p>\n","protected":false},"excerpt":{"rendered":"<p>Rien ne vaut les saveurs puissantes de la moutarde de Dijon et du miel. Associez cette vinaigrette sans mati\u00e8res grasses \u00e0 votre m\u00e9lange de salades pr\u00e9f\u00e9r\u00e9. La vinaigrette au miel et \u00e0 la moutarde de Dijon SkinnygirlMC est excellente sur des salades plus am\u00e8res, car la vinaigrette sucr\u00e9e et sal\u00e9e \u00e9quilibre les saveurs plus fortes. [&hellip;]<\/p>\n","protected":false},"featured_media":8549,"comment_status":"closed","ping_status":"closed","template":"","meta":{"_acf_changed":false},"product_brand":[],"product_cat":[240,241],"product_tag":[],"class_list":{"0":"post-8675","1":"product","2":"type-product","3":"status-publish","4":"has-post-thumbnail","6":"product_cat-dressings-fr_ca","7":"product_cat-featured-dressings-fr_ca","9":"first","10":"instock","11":"shipping-taxable","12":"product-type-simple"},"acf":[],"yoast_head":"<!-- This site is optimized with the Yoast SEO Premium plugin v21.5 (Yoast SEO v27.4) - https:\/\/yoast.com\/product\/yoast-seo-premium-wordpress\/ -->\n<title>Miel et moutarde de Dijon - Skinnygirl Canada<\/title>\n<meta name=\"robots\" content=\"index, follow, max-snippet:-1, max-image-preview:large, max-video-preview:-1\" \/>\n<link rel=\"canonical\" href=\"https:\/\/skinnygirlproducts.ca\/fr_ca\/produit\/miel-et-moutarde-de-dijon\/\" \/>\n<meta property=\"og:locale\" content=\"fr_CA\" \/>\n<meta property=\"og:type\" content=\"article\" \/>\n<meta property=\"og:title\" content=\"Miel et moutarde de Dijon\" \/>\n<meta property=\"og:description\" content=\"Rien ne vaut les saveurs puissantes de la moutarde de Dijon et du miel. Associez cette vinaigrette sans mati\u00e8res grasses \u00e0 votre m\u00e9lange de salades\" \/>\n<meta property=\"og:url\" content=\"https:\/\/skinnygirlproducts.ca\/fr_ca\/produit\/miel-et-moutarde-de-dijon\/\" \/>\n<meta property=\"og:site_name\" content=\"Skinnygirl Canada\" \/>\n<meta property=\"article:modified_time\" content=\"2025-02-28T17:43:34+00:00\" \/>\n<meta property=\"og:image\" content=\"https:\/\/skinnygirlproducts.ca\/wp-content\/uploads\/honey-dijon-ca.jpg\" \/>\n\t<meta property=\"og:image:width\" content=\"905\" \/>\n\t<meta property=\"og:image:height\" content=\"905\" \/>\n\t<meta property=\"og:image:type\" content=\"image\/jpeg\" \/>\n<meta name=\"twitter:card\" content=\"summary_large_image\" \/>\n<meta name=\"twitter:label1\" content=\"Estimation du temps de lecture\" \/>\n\t<meta name=\"twitter:data1\" content=\"1 minute\" \/>\n<script type=\"application\/ld+json\" class=\"yoast-schema-graph\">{\"@context\":\"https:\\\/\\\/schema.org\",\"@graph\":[{\"@type\":\"WebPage\",\"@id\":\"https:\\\/\\\/skinnygirlproducts.ca\\\/fr_ca\\\/produit\\\/miel-et-moutarde-de-dijon\\\/\",\"url\":\"https:\\\/\\\/skinnygirlproducts.ca\\\/fr_ca\\\/produit\\\/miel-et-moutarde-de-dijon\\\/\",\"name\":\"Miel et moutarde de Dijon - Skinnygirl Canada\",\"isPartOf\":{\"@id\":\"https:\\\/\\\/skinnygirlproducts.ca\\\/#website\"},\"primaryImageOfPage\":{\"@id\":\"https:\\\/\\\/skinnygirlproducts.ca\\\/fr_ca\\\/produit\\\/miel-et-moutarde-de-dijon\\\/#primaryimage\"},\"image\":{\"@id\":\"https:\\\/\\\/skinnygirlproducts.ca\\\/fr_ca\\\/produit\\\/miel-et-moutarde-de-dijon\\\/#primaryimage\"},\"thumbnailUrl\":\"https:\\\/\\\/skinnygirlproducts.ca\\\/wp-content\\\/uploads\\\/honey-dijon-ca.jpg\",\"datePublished\":\"2022-05-11T18:29:18+00:00\",\"dateModified\":\"2025-02-28T17:43:34+00:00\",\"breadcrumb\":{\"@id\":\"https:\\\/\\\/skinnygirlproducts.ca\\\/fr_ca\\\/produit\\\/miel-et-moutarde-de-dijon\\\/#breadcrumb\"},\"inLanguage\":\"fr-CA\",\"potentialAction\":[{\"@type\":\"ReadAction\",\"target\":[\"https:\\\/\\\/skinnygirlproducts.ca\\\/fr_ca\\\/produit\\\/miel-et-moutarde-de-dijon\\\/\"]}]},{\"@type\":\"ImageObject\",\"inLanguage\":\"fr-CA\",\"@id\":\"https:\\\/\\\/skinnygirlproducts.ca\\\/fr_ca\\\/produit\\\/miel-et-moutarde-de-dijon\\\/#primaryimage\",\"url\":\"https:\\\/\\\/skinnygirlproducts.ca\\\/wp-content\\\/uploads\\\/honey-dijon-ca.jpg\",\"contentUrl\":\"https:\\\/\\\/skinnygirlproducts.ca\\\/wp-content\\\/uploads\\\/honey-dijon-ca.jpg\",\"width\":905,\"height\":905},{\"@type\":\"BreadcrumbList\",\"@id\":\"https:\\\/\\\/skinnygirlproducts.ca\\\/fr_ca\\\/produit\\\/miel-et-moutarde-de-dijon\\\/#breadcrumb\",\"itemListElement\":[{\"@type\":\"ListItem\",\"position\":1,\"name\":\"Home\",\"item\":\"https:\\\/\\\/skinnygirlproducts.ca\\\/fr_ca\\\/\"},{\"@type\":\"ListItem\",\"position\":2,\"name\":\"Products\",\"item\":\"https:\\\/\\\/skinnygirlproducts.ca\\\/shop\\\/\"},{\"@type\":\"ListItem\",\"position\":3,\"name\":\"Miel et moutarde de Dijon\"}]},{\"@type\":\"WebSite\",\"@id\":\"https:\\\/\\\/skinnygirlproducts.ca\\\/#website\",\"url\":\"https:\\\/\\\/skinnygirlproducts.ca\\\/\",\"name\":\"Skinnygirl Canada\",\"description\":\"Skinnygirl Canada Dressings\",\"publisher\":{\"@id\":\"https:\\\/\\\/skinnygirlproducts.ca\\\/#organization\"},\"potentialAction\":[{\"@type\":\"SearchAction\",\"target\":{\"@type\":\"EntryPoint\",\"urlTemplate\":\"https:\\\/\\\/skinnygirlproducts.ca\\\/?s={search_term_string}\"},\"query-input\":{\"@type\":\"PropertyValueSpecification\",\"valueRequired\":true,\"valueName\":\"search_term_string\"}}],\"inLanguage\":\"fr-CA\"},{\"@type\":\"Organization\",\"@id\":\"https:\\\/\\\/skinnygirlproducts.ca\\\/#organization\",\"name\":\"Sugar Twin CA\",\"url\":\"https:\\\/\\\/skinnygirlproducts.ca\\\/\",\"logo\":{\"@type\":\"ImageObject\",\"inLanguage\":\"fr-CA\",\"@id\":\"https:\\\/\\\/skinnygirlproducts.ca\\\/#\\\/schema\\\/logo\\\/image\\\/\",\"url\":\"https:\\\/\\\/skinnygirlproducts.ca\\\/wp-content\\\/uploads\\\/sugar-Twin_CA.png\",\"contentUrl\":\"https:\\\/\\\/skinnygirlproducts.ca\\\/wp-content\\\/uploads\\\/sugar-Twin_CA.png\",\"width\":720,\"height\":474,\"caption\":\"Sugar Twin CA\"},\"image\":{\"@id\":\"https:\\\/\\\/skinnygirlproducts.ca\\\/#\\\/schema\\\/logo\\\/image\\\/\"}}]}<\/script>\n<!-- \/ Yoast SEO Premium plugin. -->","yoast_head_json":{"title":"Miel et moutarde de Dijon - Skinnygirl Canada","robots":{"index":"index","follow":"follow","max-snippet":"max-snippet:-1","max-image-preview":"max-image-preview:large","max-video-preview":"max-video-preview:-1"},"canonical":"https:\/\/skinnygirlproducts.ca\/fr_ca\/produit\/miel-et-moutarde-de-dijon\/","og_locale":"fr_CA","og_type":"article","og_title":"Miel et moutarde de Dijon","og_description":"Rien ne vaut les saveurs puissantes de la moutarde de Dijon et du miel. Associez cette vinaigrette sans mati\u00e8res grasses \u00e0 votre m\u00e9lange de salades","og_url":"https:\/\/skinnygirlproducts.ca\/fr_ca\/produit\/miel-et-moutarde-de-dijon\/","og_site_name":"Skinnygirl Canada","article_modified_time":"2025-02-28T17:43:34+00:00","og_image":[{"width":905,"height":905,"url":"https:\/\/skinnygirlproducts.ca\/wp-content\/uploads\/honey-dijon-ca.jpg","type":"image\/jpeg"}],"twitter_card":"summary_large_image","twitter_misc":{"Estimation du temps de lecture":"1 minute"},"schema":{"@context":"https:\/\/schema.org","@graph":[{"@type":"WebPage","@id":"https:\/\/skinnygirlproducts.ca\/fr_ca\/produit\/miel-et-moutarde-de-dijon\/","url":"https:\/\/skinnygirlproducts.ca\/fr_ca\/produit\/miel-et-moutarde-de-dijon\/","name":"Miel et moutarde de Dijon - Skinnygirl Canada","isPartOf":{"@id":"https:\/\/skinnygirlproducts.ca\/#website"},"primaryImageOfPage":{"@id":"https:\/\/skinnygirlproducts.ca\/fr_ca\/produit\/miel-et-moutarde-de-dijon\/#primaryimage"},"image":{"@id":"https:\/\/skinnygirlproducts.ca\/fr_ca\/produit\/miel-et-moutarde-de-dijon\/#primaryimage"},"thumbnailUrl":"https:\/\/skinnygirlproducts.ca\/wp-content\/uploads\/honey-dijon-ca.jpg","datePublished":"2022-05-11T18:29:18+00:00","dateModified":"2025-02-28T17:43:34+00:00","breadcrumb":{"@id":"https:\/\/skinnygirlproducts.ca\/fr_ca\/produit\/miel-et-moutarde-de-dijon\/#breadcrumb"},"inLanguage":"fr-CA","potentialAction":[{"@type":"ReadAction","target":["https:\/\/skinnygirlproducts.ca\/fr_ca\/produit\/miel-et-moutarde-de-dijon\/"]}]},{"@type":"ImageObject","inLanguage":"fr-CA","@id":"https:\/\/skinnygirlproducts.ca\/fr_ca\/produit\/miel-et-moutarde-de-dijon\/#primaryimage","url":"https:\/\/skinnygirlproducts.ca\/wp-content\/uploads\/honey-dijon-ca.jpg","contentUrl":"https:\/\/skinnygirlproducts.ca\/wp-content\/uploads\/honey-dijon-ca.jpg","width":905,"height":905},{"@type":"BreadcrumbList","@id":"https:\/\/skinnygirlproducts.ca\/fr_ca\/produit\/miel-et-moutarde-de-dijon\/#breadcrumb","itemListElement":[{"@type":"ListItem","position":1,"name":"Home","item":"https:\/\/skinnygirlproducts.ca\/fr_ca\/"},{"@type":"ListItem","position":2,"name":"Products","item":"https:\/\/skinnygirlproducts.ca\/shop\/"},{"@type":"ListItem","position":3,"name":"Miel et moutarde de Dijon"}]},{"@type":"WebSite","@id":"https:\/\/skinnygirlproducts.ca\/#website","url":"https:\/\/skinnygirlproducts.ca\/","name":"Skinnygirl Canada","description":"Skinnygirl Canada Dressings","publisher":{"@id":"https:\/\/skinnygirlproducts.ca\/#organization"},"potentialAction":[{"@type":"SearchAction","target":{"@type":"EntryPoint","urlTemplate":"https:\/\/skinnygirlproducts.ca\/?s={search_term_string}"},"query-input":{"@type":"PropertyValueSpecification","valueRequired":true,"valueName":"search_term_string"}}],"inLanguage":"fr-CA"},{"@type":"Organization","@id":"https:\/\/skinnygirlproducts.ca\/#organization","name":"Sugar Twin CA","url":"https:\/\/skinnygirlproducts.ca\/","logo":{"@type":"ImageObject","inLanguage":"fr-CA","@id":"https:\/\/skinnygirlproducts.ca\/#\/schema\/logo\/image\/","url":"https:\/\/skinnygirlproducts.ca\/wp-content\/uploads\/sugar-Twin_CA.png","contentUrl":"https:\/\/skinnygirlproducts.ca\/wp-content\/uploads\/sugar-Twin_CA.png","width":720,"height":474,"caption":"Sugar Twin CA"},"image":{"@id":"https:\/\/skinnygirlproducts.ca\/#\/schema\/logo\/image\/"}}]}},"_links":{"self":[{"href":"https:\/\/skinnygirlproducts.ca\/fr_ca\/wp-json\/wp\/v2\/product\/8675","targetHints":{"allow":["GET"]}}],"collection":[{"href":"https:\/\/skinnygirlproducts.ca\/fr_ca\/wp-json\/wp\/v2\/product"}],"about":[{"href":"https:\/\/skinnygirlproducts.ca\/fr_ca\/wp-json\/wp\/v2\/types\/product"}],"replies":[{"embeddable":true,"href":"https:\/\/skinnygirlproducts.ca\/fr_ca\/wp-json\/wp\/v2\/comments?post=8675"}],"wp:featuredmedia":[{"embeddable":true,"href":"https:\/\/skinnygirlproducts.ca\/fr_ca\/wp-json\/wp\/v2\/media\/8549"}],"wp:attachment":[{"href":"https:\/\/skinnygirlproducts.ca\/fr_ca\/wp-json\/wp\/v2\/media?parent=8675"}],"wp:term":[{"taxonomy":"product_brand","embeddable":true,"href":"https:\/\/skinnygirlproducts.ca\/fr_ca\/wp-json\/wp\/v2\/product_brand?post=8675"},{"taxonomy":"product_cat","embeddable":true,"href":"https:\/\/skinnygirlproducts.ca\/fr_ca\/wp-json\/wp\/v2\/product_cat?post=8675"},{"taxonomy":"product_tag","embeddable":true,"href":"https:\/\/skinnygirlproducts.ca\/fr_ca\/wp-json\/wp\/v2\/product_tag?post=8675"}],"curies":[{"name":"wp","href":"https:\/\/api.w.org\/{rel}","templated":true}]}}