{"id":8679,"date":"2022-05-11T18:29:18","date_gmt":"2022-05-11T18:29:18","guid":{"rendered":"https:\/\/skinnygirlproducts.ca\/product\/poppyseed\/"},"modified":"2025-02-28T17:44:26","modified_gmt":"2025-02-28T17:44:26","slug":"graines-de-pavot","status":"publish","type":"product","link":"https:\/\/skinnygirlproducts.ca\/fr_ca\/produit\/graines-de-pavot\/","title":{"rendered":"Graines de pavot"},"content":{"rendered":"<p>Avec un soup\u00e7on de citron, notre vinaigrette sans mati\u00e8res grasses fera \u00e9clater les saveurs de vos plats. Laissez la vinaigrette aux graines de pavot de Skinnygirl<sup style=\"font-size: 7pt; top: -.8em;\">MC<\/sup> faire passer votre salade au niveau sup\u00e9rieur. Versez-la sur un lit de m\u00e9lange de printemps et de fraises pour une salade sucr\u00e9e et savoureuse.<\/p>\n","protected":false},"excerpt":{"rendered":"<p>Avec un soup\u00e7on de citron, notre vinaigrette sans mati\u00e8res grasses fera \u00e9clater les saveurs de vos plats. Laissez la vinaigrette aux graines de pavot de SkinnygirlMC faire passer votre salade au niveau sup\u00e9rieur. Versez-la sur un lit de m\u00e9lange de printemps et de fraises pour une salade sucr\u00e9e et savoureuse.<\/p>\n","protected":false},"featured_media":8551,"comment_status":"closed","ping_status":"closed","template":"","meta":{"_acf_changed":false},"product_brand":[],"product_cat":[240,241],"product_tag":[],"class_list":{"0":"post-8679","1":"product","2":"type-product","3":"status-publish","4":"has-post-thumbnail","6":"product_cat-dressings-fr_ca","7":"product_cat-featured-dressings-fr_ca","9":"first","10":"instock","11":"shipping-taxable","12":"product-type-simple"},"acf":[],"yoast_head":"<!-- This site is optimized with the Yoast SEO Premium plugin v21.5 (Yoast SEO v27.4) - https:\/\/yoast.com\/product\/yoast-seo-premium-wordpress\/ -->\n<title>Graines de pavot - Skinnygirl Canada<\/title>\n<meta name=\"robots\" content=\"index, follow, max-snippet:-1, max-image-preview:large, max-video-preview:-1\" \/>\n<link rel=\"canonical\" href=\"https:\/\/skinnygirlproducts.ca\/fr_ca\/produit\/graines-de-pavot\/\" \/>\n<meta property=\"og:locale\" content=\"fr_CA\" \/>\n<meta property=\"og:type\" content=\"article\" \/>\n<meta property=\"og:title\" content=\"Graines de pavot\" \/>\n<meta property=\"og:description\" content=\"Avec un soup\u00e7on de citron, notre vinaigrette sans mati\u00e8res grasses fera \u00e9clater les saveurs de vos plats. Laissez la vinaigrette aux graines de pavot de\" \/>\n<meta property=\"og:url\" content=\"https:\/\/skinnygirlproducts.ca\/fr_ca\/produit\/graines-de-pavot\/\" \/>\n<meta property=\"og:site_name\" content=\"Skinnygirl Canada\" \/>\n<meta property=\"article:modified_time\" content=\"2025-02-28T17:44:26+00:00\" \/>\n<meta property=\"og:image\" content=\"https:\/\/skinnygirlproducts.ca\/wp-content\/uploads\/poppyseed-ca.jpg\" \/>\n\t<meta property=\"og:image:width\" content=\"905\" \/>\n\t<meta property=\"og:image:height\" content=\"905\" \/>\n\t<meta property=\"og:image:type\" content=\"image\/jpeg\" \/>\n<meta name=\"twitter:card\" content=\"summary_large_image\" \/>\n<meta name=\"twitter:label1\" content=\"Estimation du temps de lecture\" \/>\n\t<meta name=\"twitter:data1\" content=\"1 minute\" \/>\n<script type=\"application\/ld+json\" class=\"yoast-schema-graph\">{\"@context\":\"https:\\\/\\\/schema.org\",\"@graph\":[{\"@type\":\"WebPage\",\"@id\":\"https:\\\/\\\/skinnygirlproducts.ca\\\/fr_ca\\\/produit\\\/graines-de-pavot\\\/\",\"url\":\"https:\\\/\\\/skinnygirlproducts.ca\\\/fr_ca\\\/produit\\\/graines-de-pavot\\\/\",\"name\":\"Graines de pavot - Skinnygirl Canada\",\"isPartOf\":{\"@id\":\"https:\\\/\\\/skinnygirlproducts.ca\\\/#website\"},\"primaryImageOfPage\":{\"@id\":\"https:\\\/\\\/skinnygirlproducts.ca\\\/fr_ca\\\/produit\\\/graines-de-pavot\\\/#primaryimage\"},\"image\":{\"@id\":\"https:\\\/\\\/skinnygirlproducts.ca\\\/fr_ca\\\/produit\\\/graines-de-pavot\\\/#primaryimage\"},\"thumbnailUrl\":\"https:\\\/\\\/skinnygirlproducts.ca\\\/wp-content\\\/uploads\\\/poppyseed-ca.jpg\",\"datePublished\":\"2022-05-11T18:29:18+00:00\",\"dateModified\":\"2025-02-28T17:44:26+00:00\",\"breadcrumb\":{\"@id\":\"https:\\\/\\\/skinnygirlproducts.ca\\\/fr_ca\\\/produit\\\/graines-de-pavot\\\/#breadcrumb\"},\"inLanguage\":\"fr-CA\",\"potentialAction\":[{\"@type\":\"ReadAction\",\"target\":[\"https:\\\/\\\/skinnygirlproducts.ca\\\/fr_ca\\\/produit\\\/graines-de-pavot\\\/\"]}]},{\"@type\":\"ImageObject\",\"inLanguage\":\"fr-CA\",\"@id\":\"https:\\\/\\\/skinnygirlproducts.ca\\\/fr_ca\\\/produit\\\/graines-de-pavot\\\/#primaryimage\",\"url\":\"https:\\\/\\\/skinnygirlproducts.ca\\\/wp-content\\\/uploads\\\/poppyseed-ca.jpg\",\"contentUrl\":\"https:\\\/\\\/skinnygirlproducts.ca\\\/wp-content\\\/uploads\\\/poppyseed-ca.jpg\",\"width\":905,\"height\":905},{\"@type\":\"BreadcrumbList\",\"@id\":\"https:\\\/\\\/skinnygirlproducts.ca\\\/fr_ca\\\/produit\\\/graines-de-pavot\\\/#breadcrumb\",\"itemListElement\":[{\"@type\":\"ListItem\",\"position\":1,\"name\":\"Home\",\"item\":\"https:\\\/\\\/skinnygirlproducts.ca\\\/fr_ca\\\/\"},{\"@type\":\"ListItem\",\"position\":2,\"name\":\"Products\",\"item\":\"https:\\\/\\\/skinnygirlproducts.ca\\\/shop\\\/\"},{\"@type\":\"ListItem\",\"position\":3,\"name\":\"Graines de pavot\"}]},{\"@type\":\"WebSite\",\"@id\":\"https:\\\/\\\/skinnygirlproducts.ca\\\/#website\",\"url\":\"https:\\\/\\\/skinnygirlproducts.ca\\\/\",\"name\":\"Skinnygirl Canada\",\"description\":\"Skinnygirl Canada Dressings\",\"publisher\":{\"@id\":\"https:\\\/\\\/skinnygirlproducts.ca\\\/#organization\"},\"potentialAction\":[{\"@type\":\"SearchAction\",\"target\":{\"@type\":\"EntryPoint\",\"urlTemplate\":\"https:\\\/\\\/skinnygirlproducts.ca\\\/?s={search_term_string}\"},\"query-input\":{\"@type\":\"PropertyValueSpecification\",\"valueRequired\":true,\"valueName\":\"search_term_string\"}}],\"inLanguage\":\"fr-CA\"},{\"@type\":\"Organization\",\"@id\":\"https:\\\/\\\/skinnygirlproducts.ca\\\/#organization\",\"name\":\"Sugar Twin CA\",\"url\":\"https:\\\/\\\/skinnygirlproducts.ca\\\/\",\"logo\":{\"@type\":\"ImageObject\",\"inLanguage\":\"fr-CA\",\"@id\":\"https:\\\/\\\/skinnygirlproducts.ca\\\/#\\\/schema\\\/logo\\\/image\\\/\",\"url\":\"https:\\\/\\\/skinnygirlproducts.ca\\\/wp-content\\\/uploads\\\/sugar-Twin_CA.png\",\"contentUrl\":\"https:\\\/\\\/skinnygirlproducts.ca\\\/wp-content\\\/uploads\\\/sugar-Twin_CA.png\",\"width\":720,\"height\":474,\"caption\":\"Sugar Twin CA\"},\"image\":{\"@id\":\"https:\\\/\\\/skinnygirlproducts.ca\\\/#\\\/schema\\\/logo\\\/image\\\/\"}}]}<\/script>\n<!-- \/ Yoast SEO Premium plugin. -->","yoast_head_json":{"title":"Graines de pavot - Skinnygirl Canada","robots":{"index":"index","follow":"follow","max-snippet":"max-snippet:-1","max-image-preview":"max-image-preview:large","max-video-preview":"max-video-preview:-1"},"canonical":"https:\/\/skinnygirlproducts.ca\/fr_ca\/produit\/graines-de-pavot\/","og_locale":"fr_CA","og_type":"article","og_title":"Graines de pavot","og_description":"Avec un soup\u00e7on de citron, notre vinaigrette sans mati\u00e8res grasses fera \u00e9clater les saveurs de vos plats. Laissez la vinaigrette aux graines de pavot de","og_url":"https:\/\/skinnygirlproducts.ca\/fr_ca\/produit\/graines-de-pavot\/","og_site_name":"Skinnygirl Canada","article_modified_time":"2025-02-28T17:44:26+00:00","og_image":[{"width":905,"height":905,"url":"https:\/\/skinnygirlproducts.ca\/wp-content\/uploads\/poppyseed-ca.jpg","type":"image\/jpeg"}],"twitter_card":"summary_large_image","twitter_misc":{"Estimation du temps de lecture":"1 minute"},"schema":{"@context":"https:\/\/schema.org","@graph":[{"@type":"WebPage","@id":"https:\/\/skinnygirlproducts.ca\/fr_ca\/produit\/graines-de-pavot\/","url":"https:\/\/skinnygirlproducts.ca\/fr_ca\/produit\/graines-de-pavot\/","name":"Graines de pavot - Skinnygirl Canada","isPartOf":{"@id":"https:\/\/skinnygirlproducts.ca\/#website"},"primaryImageOfPage":{"@id":"https:\/\/skinnygirlproducts.ca\/fr_ca\/produit\/graines-de-pavot\/#primaryimage"},"image":{"@id":"https:\/\/skinnygirlproducts.ca\/fr_ca\/produit\/graines-de-pavot\/#primaryimage"},"thumbnailUrl":"https:\/\/skinnygirlproducts.ca\/wp-content\/uploads\/poppyseed-ca.jpg","datePublished":"2022-05-11T18:29:18+00:00","dateModified":"2025-02-28T17:44:26+00:00","breadcrumb":{"@id":"https:\/\/skinnygirlproducts.ca\/fr_ca\/produit\/graines-de-pavot\/#breadcrumb"},"inLanguage":"fr-CA","potentialAction":[{"@type":"ReadAction","target":["https:\/\/skinnygirlproducts.ca\/fr_ca\/produit\/graines-de-pavot\/"]}]},{"@type":"ImageObject","inLanguage":"fr-CA","@id":"https:\/\/skinnygirlproducts.ca\/fr_ca\/produit\/graines-de-pavot\/#primaryimage","url":"https:\/\/skinnygirlproducts.ca\/wp-content\/uploads\/poppyseed-ca.jpg","contentUrl":"https:\/\/skinnygirlproducts.ca\/wp-content\/uploads\/poppyseed-ca.jpg","width":905,"height":905},{"@type":"BreadcrumbList","@id":"https:\/\/skinnygirlproducts.ca\/fr_ca\/produit\/graines-de-pavot\/#breadcrumb","itemListElement":[{"@type":"ListItem","position":1,"name":"Home","item":"https:\/\/skinnygirlproducts.ca\/fr_ca\/"},{"@type":"ListItem","position":2,"name":"Products","item":"https:\/\/skinnygirlproducts.ca\/shop\/"},{"@type":"ListItem","position":3,"name":"Graines de pavot"}]},{"@type":"WebSite","@id":"https:\/\/skinnygirlproducts.ca\/#website","url":"https:\/\/skinnygirlproducts.ca\/","name":"Skinnygirl Canada","description":"Skinnygirl Canada Dressings","publisher":{"@id":"https:\/\/skinnygirlproducts.ca\/#organization"},"potentialAction":[{"@type":"SearchAction","target":{"@type":"EntryPoint","urlTemplate":"https:\/\/skinnygirlproducts.ca\/?s={search_term_string}"},"query-input":{"@type":"PropertyValueSpecification","valueRequired":true,"valueName":"search_term_string"}}],"inLanguage":"fr-CA"},{"@type":"Organization","@id":"https:\/\/skinnygirlproducts.ca\/#organization","name":"Sugar Twin CA","url":"https:\/\/skinnygirlproducts.ca\/","logo":{"@type":"ImageObject","inLanguage":"fr-CA","@id":"https:\/\/skinnygirlproducts.ca\/#\/schema\/logo\/image\/","url":"https:\/\/skinnygirlproducts.ca\/wp-content\/uploads\/sugar-Twin_CA.png","contentUrl":"https:\/\/skinnygirlproducts.ca\/wp-content\/uploads\/sugar-Twin_CA.png","width":720,"height":474,"caption":"Sugar Twin CA"},"image":{"@id":"https:\/\/skinnygirlproducts.ca\/#\/schema\/logo\/image\/"}}]}},"_links":{"self":[{"href":"https:\/\/skinnygirlproducts.ca\/fr_ca\/wp-json\/wp\/v2\/product\/8679","targetHints":{"allow":["GET"]}}],"collection":[{"href":"https:\/\/skinnygirlproducts.ca\/fr_ca\/wp-json\/wp\/v2\/product"}],"about":[{"href":"https:\/\/skinnygirlproducts.ca\/fr_ca\/wp-json\/wp\/v2\/types\/product"}],"replies":[{"embeddable":true,"href":"https:\/\/skinnygirlproducts.ca\/fr_ca\/wp-json\/wp\/v2\/comments?post=8679"}],"wp:featuredmedia":[{"embeddable":true,"href":"https:\/\/skinnygirlproducts.ca\/fr_ca\/wp-json\/wp\/v2\/media\/8551"}],"wp:attachment":[{"href":"https:\/\/skinnygirlproducts.ca\/fr_ca\/wp-json\/wp\/v2\/media?parent=8679"}],"wp:term":[{"taxonomy":"product_brand","embeddable":true,"href":"https:\/\/skinnygirlproducts.ca\/fr_ca\/wp-json\/wp\/v2\/product_brand?post=8679"},{"taxonomy":"product_cat","embeddable":true,"href":"https:\/\/skinnygirlproducts.ca\/fr_ca\/wp-json\/wp\/v2\/product_cat?post=8679"},{"taxonomy":"product_tag","embeddable":true,"href":"https:\/\/skinnygirlproducts.ca\/fr_ca\/wp-json\/wp\/v2\/product_tag?post=8679"}],"curies":[{"name":"wp","href":"https:\/\/api.w.org\/{rel}","templated":true}]}}