{"id":8681,"date":"2022-05-11T18:29:18","date_gmt":"2022-05-11T18:29:18","guid":{"rendered":"https:\/\/skinnygirlproducts.ca\/product\/balsamic-vinaigrette\/"},"modified":"2025-03-07T17:51:10","modified_gmt":"2025-03-07T17:51:10","slug":"vinaigrette-balsamique","status":"publish","type":"product","link":"https:\/\/skinnygirlproducts.ca\/fr_ca\/produit\/vinaigrette-balsamique\/","title":{"rendered":"Vinaigrette balsamique"},"content":{"rendered":"<p>La vinaigrette balsamique de Skinnygirl<sup style=\"font-size: 7pt; top: -.8em;\">MC<\/sup> est un incontournable pour les amateurs de salades et deviendra rapidement votre r\u00e9f\u00e9rence. Cette vinaigrette sans graisse se marie bien avec presque toutes les salades. Versez-la sur une tour de tomates m\u00fbres, de mozzarella fra\u00eeche et de basilic frais pour une salade empil\u00e9e lumineuse.<\/p>\n","protected":false},"excerpt":{"rendered":"<p>La vinaigrette balsamique de SkinnygirlMC est un incontournable pour les amateurs de salades et deviendra rapidement votre r\u00e9f\u00e9rence. Cette vinaigrette sans graisse se marie bien avec presque toutes les salades. Versez-la sur une tour de tomates m\u00fbres, de mozzarella fra\u00eeche et de basilic frais pour une salade empil\u00e9e lumineuse.<\/p>\n","protected":false},"featured_media":8553,"comment_status":"closed","ping_status":"closed","template":"","meta":{"_acf_changed":false},"product_brand":[],"product_cat":[240,241],"product_tag":[],"class_list":{"0":"post-8681","1":"product","2":"type-product","3":"status-publish","4":"has-post-thumbnail","6":"product_cat-dressings-fr_ca","7":"product_cat-featured-dressings-fr_ca","9":"first","10":"instock","11":"shipping-taxable","12":"product-type-simple"},"acf":[],"yoast_head":"<!-- This site is optimized with the Yoast SEO Premium plugin v21.5 (Yoast SEO v26.9) - https:\/\/yoast.com\/product\/yoast-seo-premium-wordpress\/ -->\n<title>Vinaigrette balsamique - Skinnygirl Canada<\/title>\n<meta name=\"robots\" content=\"index, follow, max-snippet:-1, max-image-preview:large, max-video-preview:-1\" \/>\n<link rel=\"canonical\" href=\"https:\/\/skinnygirlproducts.ca\/fr_ca\/produit\/vinaigrette-balsamique\/\" \/>\n<meta property=\"og:locale\" content=\"fr_CA\" \/>\n<meta property=\"og:type\" content=\"article\" \/>\n<meta property=\"og:title\" content=\"Vinaigrette balsamique\" \/>\n<meta property=\"og:description\" content=\"La vinaigrette balsamique de SkinnygirlMC est un incontournable pour les amateurs de salades et deviendra rapidement votre r\u00e9f\u00e9rence. Cette vinaigrette\" \/>\n<meta property=\"og:url\" content=\"https:\/\/skinnygirlproducts.ca\/fr_ca\/produit\/vinaigrette-balsamique\/\" \/>\n<meta property=\"og:site_name\" content=\"Skinnygirl Canada\" \/>\n<meta property=\"article:modified_time\" content=\"2025-03-07T17:51:10+00:00\" \/>\n<meta property=\"og:image\" content=\"https:\/\/skinnygirlproducts.ca\/wp-content\/uploads\/balsamic-ca.jpg\" \/>\n\t<meta property=\"og:image:width\" content=\"905\" \/>\n\t<meta property=\"og:image:height\" content=\"905\" \/>\n\t<meta property=\"og:image:type\" content=\"image\/jpeg\" \/>\n<meta name=\"twitter:card\" content=\"summary_large_image\" \/>\n<meta name=\"twitter:label1\" content=\"Estimation du temps de lecture\" \/>\n\t<meta name=\"twitter:data1\" content=\"1 minute\" \/>\n<script type=\"application\/ld+json\" class=\"yoast-schema-graph\">{\"@context\":\"https:\/\/schema.org\",\"@graph\":[{\"@type\":\"WebPage\",\"@id\":\"https:\/\/skinnygirlproducts.ca\/fr_ca\/produit\/vinaigrette-balsamique\/\",\"url\":\"https:\/\/skinnygirlproducts.ca\/fr_ca\/produit\/vinaigrette-balsamique\/\",\"name\":\"Vinaigrette balsamique - Skinnygirl Canada\",\"isPartOf\":{\"@id\":\"https:\/\/skinnygirlproducts.ca\/#website\"},\"primaryImageOfPage\":{\"@id\":\"https:\/\/skinnygirlproducts.ca\/fr_ca\/produit\/vinaigrette-balsamique\/#primaryimage\"},\"image\":{\"@id\":\"https:\/\/skinnygirlproducts.ca\/fr_ca\/produit\/vinaigrette-balsamique\/#primaryimage\"},\"thumbnailUrl\":\"https:\/\/skinnygirlproducts.ca\/wp-content\/uploads\/balsamic-ca.jpg\",\"datePublished\":\"2022-05-11T18:29:18+00:00\",\"dateModified\":\"2025-03-07T17:51:10+00:00\",\"breadcrumb\":{\"@id\":\"https:\/\/skinnygirlproducts.ca\/fr_ca\/produit\/vinaigrette-balsamique\/#breadcrumb\"},\"inLanguage\":\"fr-CA\",\"potentialAction\":[{\"@type\":\"ReadAction\",\"target\":[\"https:\/\/skinnygirlproducts.ca\/fr_ca\/produit\/vinaigrette-balsamique\/\"]}]},{\"@type\":\"ImageObject\",\"inLanguage\":\"fr-CA\",\"@id\":\"https:\/\/skinnygirlproducts.ca\/fr_ca\/produit\/vinaigrette-balsamique\/#primaryimage\",\"url\":\"https:\/\/skinnygirlproducts.ca\/wp-content\/uploads\/balsamic-ca.jpg\",\"contentUrl\":\"https:\/\/skinnygirlproducts.ca\/wp-content\/uploads\/balsamic-ca.jpg\",\"width\":905,\"height\":905},{\"@type\":\"BreadcrumbList\",\"@id\":\"https:\/\/skinnygirlproducts.ca\/fr_ca\/produit\/vinaigrette-balsamique\/#breadcrumb\",\"itemListElement\":[{\"@type\":\"ListItem\",\"position\":1,\"name\":\"Home\",\"item\":\"https:\/\/skinnygirlproducts.ca\/fr_ca\/\"},{\"@type\":\"ListItem\",\"position\":2,\"name\":\"Products\",\"item\":\"https:\/\/skinnygirlproducts.ca\/shop\/\"},{\"@type\":\"ListItem\",\"position\":3,\"name\":\"Vinaigrette balsamique\"}]},{\"@type\":\"WebSite\",\"@id\":\"https:\/\/skinnygirlproducts.ca\/#website\",\"url\":\"https:\/\/skinnygirlproducts.ca\/\",\"name\":\"Skinnygirl Canada\",\"description\":\"Skinnygirl Canada Dressings\",\"publisher\":{\"@id\":\"https:\/\/skinnygirlproducts.ca\/#organization\"},\"potentialAction\":[{\"@type\":\"SearchAction\",\"target\":{\"@type\":\"EntryPoint\",\"urlTemplate\":\"https:\/\/skinnygirlproducts.ca\/?s={search_term_string}\"},\"query-input\":{\"@type\":\"PropertyValueSpecification\",\"valueRequired\":true,\"valueName\":\"search_term_string\"}}],\"inLanguage\":\"fr-CA\"},{\"@type\":\"Organization\",\"@id\":\"https:\/\/skinnygirlproducts.ca\/#organization\",\"name\":\"Sugar Twin CA\",\"url\":\"https:\/\/skinnygirlproducts.ca\/\",\"logo\":{\"@type\":\"ImageObject\",\"inLanguage\":\"fr-CA\",\"@id\":\"https:\/\/skinnygirlproducts.ca\/#\/schema\/logo\/image\/\",\"url\":\"https:\/\/skinnygirlproducts.ca\/wp-content\/uploads\/sugar-Twin_CA.png\",\"contentUrl\":\"https:\/\/skinnygirlproducts.ca\/wp-content\/uploads\/sugar-Twin_CA.png\",\"width\":720,\"height\":474,\"caption\":\"Sugar Twin CA\"},\"image\":{\"@id\":\"https:\/\/skinnygirlproducts.ca\/#\/schema\/logo\/image\/\"}}]}<\/script>\n<!-- \/ Yoast SEO Premium plugin. -->","yoast_head_json":{"title":"Vinaigrette balsamique - Skinnygirl Canada","robots":{"index":"index","follow":"follow","max-snippet":"max-snippet:-1","max-image-preview":"max-image-preview:large","max-video-preview":"max-video-preview:-1"},"canonical":"https:\/\/skinnygirlproducts.ca\/fr_ca\/produit\/vinaigrette-balsamique\/","og_locale":"fr_CA","og_type":"article","og_title":"Vinaigrette balsamique","og_description":"La vinaigrette balsamique de SkinnygirlMC est un incontournable pour les amateurs de salades et deviendra rapidement votre r\u00e9f\u00e9rence. Cette vinaigrette","og_url":"https:\/\/skinnygirlproducts.ca\/fr_ca\/produit\/vinaigrette-balsamique\/","og_site_name":"Skinnygirl Canada","article_modified_time":"2025-03-07T17:51:10+00:00","og_image":[{"width":905,"height":905,"url":"https:\/\/skinnygirlproducts.ca\/wp-content\/uploads\/balsamic-ca.jpg","type":"image\/jpeg"}],"twitter_card":"summary_large_image","twitter_misc":{"Estimation du temps de lecture":"1 minute"},"schema":{"@context":"https:\/\/schema.org","@graph":[{"@type":"WebPage","@id":"https:\/\/skinnygirlproducts.ca\/fr_ca\/produit\/vinaigrette-balsamique\/","url":"https:\/\/skinnygirlproducts.ca\/fr_ca\/produit\/vinaigrette-balsamique\/","name":"Vinaigrette balsamique - Skinnygirl Canada","isPartOf":{"@id":"https:\/\/skinnygirlproducts.ca\/#website"},"primaryImageOfPage":{"@id":"https:\/\/skinnygirlproducts.ca\/fr_ca\/produit\/vinaigrette-balsamique\/#primaryimage"},"image":{"@id":"https:\/\/skinnygirlproducts.ca\/fr_ca\/produit\/vinaigrette-balsamique\/#primaryimage"},"thumbnailUrl":"https:\/\/skinnygirlproducts.ca\/wp-content\/uploads\/balsamic-ca.jpg","datePublished":"2022-05-11T18:29:18+00:00","dateModified":"2025-03-07T17:51:10+00:00","breadcrumb":{"@id":"https:\/\/skinnygirlproducts.ca\/fr_ca\/produit\/vinaigrette-balsamique\/#breadcrumb"},"inLanguage":"fr-CA","potentialAction":[{"@type":"ReadAction","target":["https:\/\/skinnygirlproducts.ca\/fr_ca\/produit\/vinaigrette-balsamique\/"]}]},{"@type":"ImageObject","inLanguage":"fr-CA","@id":"https:\/\/skinnygirlproducts.ca\/fr_ca\/produit\/vinaigrette-balsamique\/#primaryimage","url":"https:\/\/skinnygirlproducts.ca\/wp-content\/uploads\/balsamic-ca.jpg","contentUrl":"https:\/\/skinnygirlproducts.ca\/wp-content\/uploads\/balsamic-ca.jpg","width":905,"height":905},{"@type":"BreadcrumbList","@id":"https:\/\/skinnygirlproducts.ca\/fr_ca\/produit\/vinaigrette-balsamique\/#breadcrumb","itemListElement":[{"@type":"ListItem","position":1,"name":"Home","item":"https:\/\/skinnygirlproducts.ca\/fr_ca\/"},{"@type":"ListItem","position":2,"name":"Products","item":"https:\/\/skinnygirlproducts.ca\/shop\/"},{"@type":"ListItem","position":3,"name":"Vinaigrette balsamique"}]},{"@type":"WebSite","@id":"https:\/\/skinnygirlproducts.ca\/#website","url":"https:\/\/skinnygirlproducts.ca\/","name":"Skinnygirl Canada","description":"Skinnygirl Canada Dressings","publisher":{"@id":"https:\/\/skinnygirlproducts.ca\/#organization"},"potentialAction":[{"@type":"SearchAction","target":{"@type":"EntryPoint","urlTemplate":"https:\/\/skinnygirlproducts.ca\/?s={search_term_string}"},"query-input":{"@type":"PropertyValueSpecification","valueRequired":true,"valueName":"search_term_string"}}],"inLanguage":"fr-CA"},{"@type":"Organization","@id":"https:\/\/skinnygirlproducts.ca\/#organization","name":"Sugar Twin CA","url":"https:\/\/skinnygirlproducts.ca\/","logo":{"@type":"ImageObject","inLanguage":"fr-CA","@id":"https:\/\/skinnygirlproducts.ca\/#\/schema\/logo\/image\/","url":"https:\/\/skinnygirlproducts.ca\/wp-content\/uploads\/sugar-Twin_CA.png","contentUrl":"https:\/\/skinnygirlproducts.ca\/wp-content\/uploads\/sugar-Twin_CA.png","width":720,"height":474,"caption":"Sugar Twin CA"},"image":{"@id":"https:\/\/skinnygirlproducts.ca\/#\/schema\/logo\/image\/"}}]}},"_links":{"self":[{"href":"https:\/\/skinnygirlproducts.ca\/fr_ca\/wp-json\/wp\/v2\/product\/8681","targetHints":{"allow":["GET"]}}],"collection":[{"href":"https:\/\/skinnygirlproducts.ca\/fr_ca\/wp-json\/wp\/v2\/product"}],"about":[{"href":"https:\/\/skinnygirlproducts.ca\/fr_ca\/wp-json\/wp\/v2\/types\/product"}],"replies":[{"embeddable":true,"href":"https:\/\/skinnygirlproducts.ca\/fr_ca\/wp-json\/wp\/v2\/comments?post=8681"}],"wp:featuredmedia":[{"embeddable":true,"href":"https:\/\/skinnygirlproducts.ca\/fr_ca\/wp-json\/wp\/v2\/media\/8553"}],"wp:attachment":[{"href":"https:\/\/skinnygirlproducts.ca\/fr_ca\/wp-json\/wp\/v2\/media?parent=8681"}],"wp:term":[{"taxonomy":"product_brand","embeddable":true,"href":"https:\/\/skinnygirlproducts.ca\/fr_ca\/wp-json\/wp\/v2\/product_brand?post=8681"},{"taxonomy":"product_cat","embeddable":true,"href":"https:\/\/skinnygirlproducts.ca\/fr_ca\/wp-json\/wp\/v2\/product_cat?post=8681"},{"taxonomy":"product_tag","embeddable":true,"href":"https:\/\/skinnygirlproducts.ca\/fr_ca\/wp-json\/wp\/v2\/product_tag?post=8681"}],"curies":[{"name":"wp","href":"https:\/\/api.w.org\/{rel}","templated":true}]}}