{"id":8787,"date":"2025-02-27T15:42:39","date_gmt":"2025-02-27T15:44:55","guid":{"rendered":"https:\/\/skinnygirlproducts.ca\/?post_type=product&#038;p=8787"},"modified":"2025-02-28T17:40:03","modified_gmt":"2025-02-28T17:40:03","slug":"cesar","status":"publish","type":"product","link":"https:\/\/skinnygirlproducts.ca\/fr_ca\/produit\/cesar\/","title":{"rendered":"C\u00e9sar"},"content":{"rendered":"<p>Rehauss\u00e9e avec des \u00e9pices relev\u00e9es, du poivre noir concass\u00e9 et de subtiles notes de citron et d\u2019ail, cette version offre la saveur famili\u00e8re que vous aimez sans les riches calories ou mati\u00e8res grasses. Renouez avec la salade C\u00e9sar, sans le sentiment de culpabilit\u00e9.<\/p>\n","protected":false},"excerpt":{"rendered":"<p>Rehauss\u00e9e avec des \u00e9pices relev\u00e9es, du poivre noir concass\u00e9 et de subtiles notes de citron et d\u2019ail, cette version offre la saveur famili\u00e8re que vous aimez sans les riches calories ou mati\u00e8res grasses. Renouez avec la salade C\u00e9sar, sans le sentiment de culpabilit\u00e9.<\/p>\n","protected":false},"featured_media":8782,"comment_status":"closed","ping_status":"closed","template":"","meta":{"_acf_changed":false},"product_brand":[],"product_cat":[240],"product_tag":[],"class_list":{"0":"post-8787","1":"product","2":"type-product","3":"status-publish","4":"has-post-thumbnail","6":"product_cat-dressings-fr_ca","8":"first","9":"instock","10":"shipping-taxable","11":"product-type-simple"},"acf":[],"yoast_head":"<!-- This site is optimized with the Yoast SEO Premium plugin v21.5 (Yoast SEO v27.6) - https:\/\/yoast.com\/product\/yoast-seo-premium-wordpress\/ -->\n<title>C\u00e9sar - Skinnygirl Canada<\/title>\n<meta name=\"robots\" content=\"index, follow, max-snippet:-1, max-image-preview:large, max-video-preview:-1\" \/>\n<link rel=\"canonical\" href=\"https:\/\/skinnygirlproducts.ca\/fr_ca\/produit\/cesar\/\" \/>\n<meta property=\"og:locale\" content=\"fr_CA\" \/>\n<meta property=\"og:type\" content=\"article\" \/>\n<meta property=\"og:title\" content=\"C\u00e9sar\" \/>\n<meta property=\"og:description\" content=\"Rehauss\u00e9e avec des \u00e9pices relev\u00e9es, du poivre noir concass\u00e9 et de subtiles notes de citron et d\u2019ail, cette version offre la saveur famili\u00e8re que vous\" \/>\n<meta property=\"og:url\" content=\"https:\/\/skinnygirlproducts.ca\/fr_ca\/produit\/cesar\/\" \/>\n<meta property=\"og:site_name\" content=\"Skinnygirl Canada\" \/>\n<meta property=\"article:modified_time\" content=\"2025-02-28T17:40:03+00:00\" \/>\n<meta property=\"og:image\" content=\"https:\/\/skinnygirlproducts.ca\/wp-content\/uploads\/caesar-dressing-skinnygirl-1024x1024.png\" \/>\n\t<meta property=\"og:image:width\" content=\"1024\" \/>\n\t<meta property=\"og:image:height\" content=\"1024\" \/>\n\t<meta property=\"og:image:type\" content=\"image\/png\" \/>\n<meta name=\"twitter:card\" content=\"summary_large_image\" \/>\n<meta name=\"twitter:label1\" content=\"Estimation du temps de lecture\" \/>\n\t<meta name=\"twitter:data1\" content=\"1 minute\" \/>\n<script type=\"application\/ld+json\" class=\"yoast-schema-graph\">{\"@context\":\"https:\\\/\\\/schema.org\",\"@graph\":[{\"@type\":\"WebPage\",\"@id\":\"https:\\\/\\\/skinnygirlproducts.ca\\\/fr_ca\\\/produit\\\/cesar\\\/\",\"url\":\"https:\\\/\\\/skinnygirlproducts.ca\\\/fr_ca\\\/produit\\\/cesar\\\/\",\"name\":\"C\u00e9sar - Skinnygirl Canada\",\"isPartOf\":{\"@id\":\"https:\\\/\\\/skinnygirlproducts.ca\\\/#website\"},\"primaryImageOfPage\":{\"@id\":\"https:\\\/\\\/skinnygirlproducts.ca\\\/fr_ca\\\/produit\\\/cesar\\\/#primaryimage\"},\"image\":{\"@id\":\"https:\\\/\\\/skinnygirlproducts.ca\\\/fr_ca\\\/produit\\\/cesar\\\/#primaryimage\"},\"thumbnailUrl\":\"https:\\\/\\\/skinnygirlproducts.ca\\\/wp-content\\\/uploads\\\/caesar-dressing-skinnygirl.png\",\"datePublished\":\"2025-02-27T15:44:55+00:00\",\"dateModified\":\"2025-02-28T17:40:03+00:00\",\"breadcrumb\":{\"@id\":\"https:\\\/\\\/skinnygirlproducts.ca\\\/fr_ca\\\/produit\\\/cesar\\\/#breadcrumb\"},\"inLanguage\":\"fr-CA\",\"potentialAction\":[{\"@type\":\"ReadAction\",\"target\":[\"https:\\\/\\\/skinnygirlproducts.ca\\\/fr_ca\\\/produit\\\/cesar\\\/\"]}]},{\"@type\":\"ImageObject\",\"inLanguage\":\"fr-CA\",\"@id\":\"https:\\\/\\\/skinnygirlproducts.ca\\\/fr_ca\\\/produit\\\/cesar\\\/#primaryimage\",\"url\":\"https:\\\/\\\/skinnygirlproducts.ca\\\/wp-content\\\/uploads\\\/caesar-dressing-skinnygirl.png\",\"contentUrl\":\"https:\\\/\\\/skinnygirlproducts.ca\\\/wp-content\\\/uploads\\\/caesar-dressing-skinnygirl.png\",\"width\":3000,\"height\":3000},{\"@type\":\"BreadcrumbList\",\"@id\":\"https:\\\/\\\/skinnygirlproducts.ca\\\/fr_ca\\\/produit\\\/cesar\\\/#breadcrumb\",\"itemListElement\":[{\"@type\":\"ListItem\",\"position\":1,\"name\":\"Home\",\"item\":\"https:\\\/\\\/skinnygirlproducts.ca\\\/fr_ca\\\/\"},{\"@type\":\"ListItem\",\"position\":2,\"name\":\"Products\",\"item\":\"https:\\\/\\\/skinnygirlproducts.ca\\\/shop\\\/\"},{\"@type\":\"ListItem\",\"position\":3,\"name\":\"C\u00e9sar\"}]},{\"@type\":\"WebSite\",\"@id\":\"https:\\\/\\\/skinnygirlproducts.ca\\\/#website\",\"url\":\"https:\\\/\\\/skinnygirlproducts.ca\\\/\",\"name\":\"Skinnygirl Canada\",\"description\":\"Skinnygirl Canada Dressings\",\"publisher\":{\"@id\":\"https:\\\/\\\/skinnygirlproducts.ca\\\/#organization\"},\"potentialAction\":[{\"@type\":\"SearchAction\",\"target\":{\"@type\":\"EntryPoint\",\"urlTemplate\":\"https:\\\/\\\/skinnygirlproducts.ca\\\/?s={search_term_string}\"},\"query-input\":{\"@type\":\"PropertyValueSpecification\",\"valueRequired\":true,\"valueName\":\"search_term_string\"}}],\"inLanguage\":\"fr-CA\"},{\"@type\":\"Organization\",\"@id\":\"https:\\\/\\\/skinnygirlproducts.ca\\\/#organization\",\"name\":\"Sugar Twin CA\",\"url\":\"https:\\\/\\\/skinnygirlproducts.ca\\\/\",\"logo\":{\"@type\":\"ImageObject\",\"inLanguage\":\"fr-CA\",\"@id\":\"https:\\\/\\\/skinnygirlproducts.ca\\\/#\\\/schema\\\/logo\\\/image\\\/\",\"url\":\"https:\\\/\\\/skinnygirlproducts.ca\\\/wp-content\\\/uploads\\\/sugar-Twin_CA.png\",\"contentUrl\":\"https:\\\/\\\/skinnygirlproducts.ca\\\/wp-content\\\/uploads\\\/sugar-Twin_CA.png\",\"width\":720,\"height\":474,\"caption\":\"Sugar Twin CA\"},\"image\":{\"@id\":\"https:\\\/\\\/skinnygirlproducts.ca\\\/#\\\/schema\\\/logo\\\/image\\\/\"}}]}<\/script>\n<!-- \/ Yoast SEO Premium plugin. -->","yoast_head_json":{"title":"C\u00e9sar - Skinnygirl Canada","robots":{"index":"index","follow":"follow","max-snippet":"max-snippet:-1","max-image-preview":"max-image-preview:large","max-video-preview":"max-video-preview:-1"},"canonical":"https:\/\/skinnygirlproducts.ca\/fr_ca\/produit\/cesar\/","og_locale":"fr_CA","og_type":"article","og_title":"C\u00e9sar","og_description":"Rehauss\u00e9e avec des \u00e9pices relev\u00e9es, du poivre noir concass\u00e9 et de subtiles notes de citron et d\u2019ail, cette version offre la saveur famili\u00e8re que vous","og_url":"https:\/\/skinnygirlproducts.ca\/fr_ca\/produit\/cesar\/","og_site_name":"Skinnygirl Canada","article_modified_time":"2025-02-28T17:40:03+00:00","og_image":[{"width":1024,"height":1024,"url":"https:\/\/skinnygirlproducts.ca\/wp-content\/uploads\/caesar-dressing-skinnygirl-1024x1024.png","type":"image\/png"}],"twitter_card":"summary_large_image","twitter_misc":{"Estimation du temps de lecture":"1 minute"},"schema":{"@context":"https:\/\/schema.org","@graph":[{"@type":"WebPage","@id":"https:\/\/skinnygirlproducts.ca\/fr_ca\/produit\/cesar\/","url":"https:\/\/skinnygirlproducts.ca\/fr_ca\/produit\/cesar\/","name":"C\u00e9sar - Skinnygirl Canada","isPartOf":{"@id":"https:\/\/skinnygirlproducts.ca\/#website"},"primaryImageOfPage":{"@id":"https:\/\/skinnygirlproducts.ca\/fr_ca\/produit\/cesar\/#primaryimage"},"image":{"@id":"https:\/\/skinnygirlproducts.ca\/fr_ca\/produit\/cesar\/#primaryimage"},"thumbnailUrl":"https:\/\/skinnygirlproducts.ca\/wp-content\/uploads\/caesar-dressing-skinnygirl.png","datePublished":"2025-02-27T15:44:55+00:00","dateModified":"2025-02-28T17:40:03+00:00","breadcrumb":{"@id":"https:\/\/skinnygirlproducts.ca\/fr_ca\/produit\/cesar\/#breadcrumb"},"inLanguage":"fr-CA","potentialAction":[{"@type":"ReadAction","target":["https:\/\/skinnygirlproducts.ca\/fr_ca\/produit\/cesar\/"]}]},{"@type":"ImageObject","inLanguage":"fr-CA","@id":"https:\/\/skinnygirlproducts.ca\/fr_ca\/produit\/cesar\/#primaryimage","url":"https:\/\/skinnygirlproducts.ca\/wp-content\/uploads\/caesar-dressing-skinnygirl.png","contentUrl":"https:\/\/skinnygirlproducts.ca\/wp-content\/uploads\/caesar-dressing-skinnygirl.png","width":3000,"height":3000},{"@type":"BreadcrumbList","@id":"https:\/\/skinnygirlproducts.ca\/fr_ca\/produit\/cesar\/#breadcrumb","itemListElement":[{"@type":"ListItem","position":1,"name":"Home","item":"https:\/\/skinnygirlproducts.ca\/fr_ca\/"},{"@type":"ListItem","position":2,"name":"Products","item":"https:\/\/skinnygirlproducts.ca\/shop\/"},{"@type":"ListItem","position":3,"name":"C\u00e9sar"}]},{"@type":"WebSite","@id":"https:\/\/skinnygirlproducts.ca\/#website","url":"https:\/\/skinnygirlproducts.ca\/","name":"Skinnygirl Canada","description":"Skinnygirl Canada Dressings","publisher":{"@id":"https:\/\/skinnygirlproducts.ca\/#organization"},"potentialAction":[{"@type":"SearchAction","target":{"@type":"EntryPoint","urlTemplate":"https:\/\/skinnygirlproducts.ca\/?s={search_term_string}"},"query-input":{"@type":"PropertyValueSpecification","valueRequired":true,"valueName":"search_term_string"}}],"inLanguage":"fr-CA"},{"@type":"Organization","@id":"https:\/\/skinnygirlproducts.ca\/#organization","name":"Sugar Twin CA","url":"https:\/\/skinnygirlproducts.ca\/","logo":{"@type":"ImageObject","inLanguage":"fr-CA","@id":"https:\/\/skinnygirlproducts.ca\/#\/schema\/logo\/image\/","url":"https:\/\/skinnygirlproducts.ca\/wp-content\/uploads\/sugar-Twin_CA.png","contentUrl":"https:\/\/skinnygirlproducts.ca\/wp-content\/uploads\/sugar-Twin_CA.png","width":720,"height":474,"caption":"Sugar Twin CA"},"image":{"@id":"https:\/\/skinnygirlproducts.ca\/#\/schema\/logo\/image\/"}}]}},"_links":{"self":[{"href":"https:\/\/skinnygirlproducts.ca\/fr_ca\/wp-json\/wp\/v2\/product\/8787","targetHints":{"allow":["GET"]}}],"collection":[{"href":"https:\/\/skinnygirlproducts.ca\/fr_ca\/wp-json\/wp\/v2\/product"}],"about":[{"href":"https:\/\/skinnygirlproducts.ca\/fr_ca\/wp-json\/wp\/v2\/types\/product"}],"replies":[{"embeddable":true,"href":"https:\/\/skinnygirlproducts.ca\/fr_ca\/wp-json\/wp\/v2\/comments?post=8787"}],"wp:featuredmedia":[{"embeddable":true,"href":"https:\/\/skinnygirlproducts.ca\/fr_ca\/wp-json\/wp\/v2\/media\/8782"}],"wp:attachment":[{"href":"https:\/\/skinnygirlproducts.ca\/fr_ca\/wp-json\/wp\/v2\/media?parent=8787"}],"wp:term":[{"taxonomy":"product_brand","embeddable":true,"href":"https:\/\/skinnygirlproducts.ca\/fr_ca\/wp-json\/wp\/v2\/product_brand?post=8787"},{"taxonomy":"product_cat","embeddable":true,"href":"https:\/\/skinnygirlproducts.ca\/fr_ca\/wp-json\/wp\/v2\/product_cat?post=8787"},{"taxonomy":"product_tag","embeddable":true,"href":"https:\/\/skinnygirlproducts.ca\/fr_ca\/wp-json\/wp\/v2\/product_tag?post=8787"}],"curies":[{"name":"wp","href":"https:\/\/api.w.org\/{rel}","templated":true}]}}