{"id":8795,"date":"2025-02-27T15:49:36","date_gmt":"2025-02-27T15:51:41","guid":{"rendered":"https:\/\/skinnygirlproducts.ca\/?post_type=product&#038;p=8795"},"modified":"2025-03-07T17:53:00","modified_gmt":"2025-03-07T17:53:00","slug":"gingembre-et-sesame","status":"publish","type":"product","link":"https:\/\/skinnygirlproducts.ca\/fr_ca\/produit\/gingembre-et-sesame\/","title":{"rendered":"Gingembre et s\u00e9same"},"content":{"rendered":"<p>Cette vinaigrette sans sucre est cach\u00e8re et peut servir de marinade ou de trempette pour les p\u00e2t\u00e9s imp\u00e9riaux ou autres hors-d\u2019\u0153uvre. Versez un filet de vinaigrette sans mati\u00e8res grasses de Skinnygirl<sup>MC<\/sup> sur une salade pour en faire un accompagnement rafra\u00eechissant ou ajoutez du thon ou du poulet grill\u00e9 pour un plat des plus d\u00e9licieux.<\/p>\n","protected":false},"excerpt":{"rendered":"<p>Cette vinaigrette sans sucre est cach\u00e8re et peut servir de marinade ou de trempette pour les p\u00e2t\u00e9s imp\u00e9riaux ou autres hors-d\u2019\u0153uvre. Versez un filet de vinaigrette sans mati\u00e8res grasses de SkinnygirlMC sur une salade pour en faire un accompagnement rafra\u00eechissant ou ajoutez du thon ou du poulet grill\u00e9 pour un plat des plus d\u00e9licieux.<\/p>\n","protected":false},"featured_media":8790,"comment_status":"closed","ping_status":"closed","template":"","meta":{"_acf_changed":false},"product_brand":[],"product_cat":[240],"product_tag":[],"class_list":{"0":"post-8795","1":"product","2":"type-product","3":"status-publish","4":"has-post-thumbnail","6":"product_cat-dressings-fr_ca","8":"first","9":"instock","10":"shipping-taxable","11":"product-type-simple"},"acf":[],"yoast_head":"<!-- This site is optimized with the Yoast SEO Premium plugin v21.5 (Yoast SEO v27.4) - https:\/\/yoast.com\/product\/yoast-seo-premium-wordpress\/ -->\n<title>Gingembre et s\u00e9same - Skinnygirl Canada<\/title>\n<meta name=\"robots\" content=\"index, follow, max-snippet:-1, max-image-preview:large, max-video-preview:-1\" \/>\n<link rel=\"canonical\" href=\"https:\/\/skinnygirlproducts.ca\/fr_ca\/produit\/gingembre-et-sesame\/\" \/>\n<meta property=\"og:locale\" content=\"fr_CA\" \/>\n<meta property=\"og:type\" content=\"article\" \/>\n<meta property=\"og:title\" content=\"Gingembre et s\u00e9same\" \/>\n<meta property=\"og:description\" content=\"Cette vinaigrette sans sucre est cach\u00e8re et peut servir de marinade ou de trempette pour les p\u00e2t\u00e9s imp\u00e9riaux ou autres hors-d\u2019\u0153uvre. Versez un filet de\" \/>\n<meta property=\"og:url\" content=\"https:\/\/skinnygirlproducts.ca\/fr_ca\/produit\/gingembre-et-sesame\/\" \/>\n<meta property=\"og:site_name\" content=\"Skinnygirl Canada\" \/>\n<meta property=\"article:modified_time\" content=\"2025-03-07T17:53:00+00:00\" \/>\n<meta property=\"og:image\" content=\"https:\/\/skinnygirlproducts.ca\/wp-content\/uploads\/sesame-ginger-dressing-skinnygirl-1024x1024.png\" \/>\n\t<meta property=\"og:image:width\" content=\"1024\" \/>\n\t<meta property=\"og:image:height\" content=\"1024\" \/>\n\t<meta property=\"og:image:type\" content=\"image\/png\" \/>\n<meta name=\"twitter:card\" content=\"summary_large_image\" \/>\n<meta name=\"twitter:label1\" content=\"Estimation du temps de lecture\" \/>\n\t<meta name=\"twitter:data1\" content=\"1 minute\" \/>\n<script type=\"application\/ld+json\" class=\"yoast-schema-graph\">{\"@context\":\"https:\\\/\\\/schema.org\",\"@graph\":[{\"@type\":\"WebPage\",\"@id\":\"https:\\\/\\\/skinnygirlproducts.ca\\\/fr_ca\\\/produit\\\/gingembre-et-sesame\\\/\",\"url\":\"https:\\\/\\\/skinnygirlproducts.ca\\\/fr_ca\\\/produit\\\/gingembre-et-sesame\\\/\",\"name\":\"Gingembre et s\u00e9same - Skinnygirl Canada\",\"isPartOf\":{\"@id\":\"https:\\\/\\\/skinnygirlproducts.ca\\\/#website\"},\"primaryImageOfPage\":{\"@id\":\"https:\\\/\\\/skinnygirlproducts.ca\\\/fr_ca\\\/produit\\\/gingembre-et-sesame\\\/#primaryimage\"},\"image\":{\"@id\":\"https:\\\/\\\/skinnygirlproducts.ca\\\/fr_ca\\\/produit\\\/gingembre-et-sesame\\\/#primaryimage\"},\"thumbnailUrl\":\"https:\\\/\\\/skinnygirlproducts.ca\\\/wp-content\\\/uploads\\\/sesame-ginger-dressing-skinnygirl.png\",\"datePublished\":\"2025-02-27T15:51:41+00:00\",\"dateModified\":\"2025-03-07T17:53:00+00:00\",\"breadcrumb\":{\"@id\":\"https:\\\/\\\/skinnygirlproducts.ca\\\/fr_ca\\\/produit\\\/gingembre-et-sesame\\\/#breadcrumb\"},\"inLanguage\":\"fr-CA\",\"potentialAction\":[{\"@type\":\"ReadAction\",\"target\":[\"https:\\\/\\\/skinnygirlproducts.ca\\\/fr_ca\\\/produit\\\/gingembre-et-sesame\\\/\"]}]},{\"@type\":\"ImageObject\",\"inLanguage\":\"fr-CA\",\"@id\":\"https:\\\/\\\/skinnygirlproducts.ca\\\/fr_ca\\\/produit\\\/gingembre-et-sesame\\\/#primaryimage\",\"url\":\"https:\\\/\\\/skinnygirlproducts.ca\\\/wp-content\\\/uploads\\\/sesame-ginger-dressing-skinnygirl.png\",\"contentUrl\":\"https:\\\/\\\/skinnygirlproducts.ca\\\/wp-content\\\/uploads\\\/sesame-ginger-dressing-skinnygirl.png\",\"width\":3000,\"height\":3000},{\"@type\":\"BreadcrumbList\",\"@id\":\"https:\\\/\\\/skinnygirlproducts.ca\\\/fr_ca\\\/produit\\\/gingembre-et-sesame\\\/#breadcrumb\",\"itemListElement\":[{\"@type\":\"ListItem\",\"position\":1,\"name\":\"Home\",\"item\":\"https:\\\/\\\/skinnygirlproducts.ca\\\/fr_ca\\\/\"},{\"@type\":\"ListItem\",\"position\":2,\"name\":\"Products\",\"item\":\"https:\\\/\\\/skinnygirlproducts.ca\\\/shop\\\/\"},{\"@type\":\"ListItem\",\"position\":3,\"name\":\"Gingembre et s\u00e9same\"}]},{\"@type\":\"WebSite\",\"@id\":\"https:\\\/\\\/skinnygirlproducts.ca\\\/#website\",\"url\":\"https:\\\/\\\/skinnygirlproducts.ca\\\/\",\"name\":\"Skinnygirl Canada\",\"description\":\"Skinnygirl Canada Dressings\",\"publisher\":{\"@id\":\"https:\\\/\\\/skinnygirlproducts.ca\\\/#organization\"},\"potentialAction\":[{\"@type\":\"SearchAction\",\"target\":{\"@type\":\"EntryPoint\",\"urlTemplate\":\"https:\\\/\\\/skinnygirlproducts.ca\\\/?s={search_term_string}\"},\"query-input\":{\"@type\":\"PropertyValueSpecification\",\"valueRequired\":true,\"valueName\":\"search_term_string\"}}],\"inLanguage\":\"fr-CA\"},{\"@type\":\"Organization\",\"@id\":\"https:\\\/\\\/skinnygirlproducts.ca\\\/#organization\",\"name\":\"Sugar Twin CA\",\"url\":\"https:\\\/\\\/skinnygirlproducts.ca\\\/\",\"logo\":{\"@type\":\"ImageObject\",\"inLanguage\":\"fr-CA\",\"@id\":\"https:\\\/\\\/skinnygirlproducts.ca\\\/#\\\/schema\\\/logo\\\/image\\\/\",\"url\":\"https:\\\/\\\/skinnygirlproducts.ca\\\/wp-content\\\/uploads\\\/sugar-Twin_CA.png\",\"contentUrl\":\"https:\\\/\\\/skinnygirlproducts.ca\\\/wp-content\\\/uploads\\\/sugar-Twin_CA.png\",\"width\":720,\"height\":474,\"caption\":\"Sugar Twin CA\"},\"image\":{\"@id\":\"https:\\\/\\\/skinnygirlproducts.ca\\\/#\\\/schema\\\/logo\\\/image\\\/\"}}]}<\/script>\n<!-- \/ Yoast SEO Premium plugin. -->","yoast_head_json":{"title":"Gingembre et s\u00e9same - Skinnygirl Canada","robots":{"index":"index","follow":"follow","max-snippet":"max-snippet:-1","max-image-preview":"max-image-preview:large","max-video-preview":"max-video-preview:-1"},"canonical":"https:\/\/skinnygirlproducts.ca\/fr_ca\/produit\/gingembre-et-sesame\/","og_locale":"fr_CA","og_type":"article","og_title":"Gingembre et s\u00e9same","og_description":"Cette vinaigrette sans sucre est cach\u00e8re et peut servir de marinade ou de trempette pour les p\u00e2t\u00e9s imp\u00e9riaux ou autres hors-d\u2019\u0153uvre. Versez un filet de","og_url":"https:\/\/skinnygirlproducts.ca\/fr_ca\/produit\/gingembre-et-sesame\/","og_site_name":"Skinnygirl Canada","article_modified_time":"2025-03-07T17:53:00+00:00","og_image":[{"width":1024,"height":1024,"url":"https:\/\/skinnygirlproducts.ca\/wp-content\/uploads\/sesame-ginger-dressing-skinnygirl-1024x1024.png","type":"image\/png"}],"twitter_card":"summary_large_image","twitter_misc":{"Estimation du temps de lecture":"1 minute"},"schema":{"@context":"https:\/\/schema.org","@graph":[{"@type":"WebPage","@id":"https:\/\/skinnygirlproducts.ca\/fr_ca\/produit\/gingembre-et-sesame\/","url":"https:\/\/skinnygirlproducts.ca\/fr_ca\/produit\/gingembre-et-sesame\/","name":"Gingembre et s\u00e9same - Skinnygirl Canada","isPartOf":{"@id":"https:\/\/skinnygirlproducts.ca\/#website"},"primaryImageOfPage":{"@id":"https:\/\/skinnygirlproducts.ca\/fr_ca\/produit\/gingembre-et-sesame\/#primaryimage"},"image":{"@id":"https:\/\/skinnygirlproducts.ca\/fr_ca\/produit\/gingembre-et-sesame\/#primaryimage"},"thumbnailUrl":"https:\/\/skinnygirlproducts.ca\/wp-content\/uploads\/sesame-ginger-dressing-skinnygirl.png","datePublished":"2025-02-27T15:51:41+00:00","dateModified":"2025-03-07T17:53:00+00:00","breadcrumb":{"@id":"https:\/\/skinnygirlproducts.ca\/fr_ca\/produit\/gingembre-et-sesame\/#breadcrumb"},"inLanguage":"fr-CA","potentialAction":[{"@type":"ReadAction","target":["https:\/\/skinnygirlproducts.ca\/fr_ca\/produit\/gingembre-et-sesame\/"]}]},{"@type":"ImageObject","inLanguage":"fr-CA","@id":"https:\/\/skinnygirlproducts.ca\/fr_ca\/produit\/gingembre-et-sesame\/#primaryimage","url":"https:\/\/skinnygirlproducts.ca\/wp-content\/uploads\/sesame-ginger-dressing-skinnygirl.png","contentUrl":"https:\/\/skinnygirlproducts.ca\/wp-content\/uploads\/sesame-ginger-dressing-skinnygirl.png","width":3000,"height":3000},{"@type":"BreadcrumbList","@id":"https:\/\/skinnygirlproducts.ca\/fr_ca\/produit\/gingembre-et-sesame\/#breadcrumb","itemListElement":[{"@type":"ListItem","position":1,"name":"Home","item":"https:\/\/skinnygirlproducts.ca\/fr_ca\/"},{"@type":"ListItem","position":2,"name":"Products","item":"https:\/\/skinnygirlproducts.ca\/shop\/"},{"@type":"ListItem","position":3,"name":"Gingembre et s\u00e9same"}]},{"@type":"WebSite","@id":"https:\/\/skinnygirlproducts.ca\/#website","url":"https:\/\/skinnygirlproducts.ca\/","name":"Skinnygirl Canada","description":"Skinnygirl Canada Dressings","publisher":{"@id":"https:\/\/skinnygirlproducts.ca\/#organization"},"potentialAction":[{"@type":"SearchAction","target":{"@type":"EntryPoint","urlTemplate":"https:\/\/skinnygirlproducts.ca\/?s={search_term_string}"},"query-input":{"@type":"PropertyValueSpecification","valueRequired":true,"valueName":"search_term_string"}}],"inLanguage":"fr-CA"},{"@type":"Organization","@id":"https:\/\/skinnygirlproducts.ca\/#organization","name":"Sugar Twin CA","url":"https:\/\/skinnygirlproducts.ca\/","logo":{"@type":"ImageObject","inLanguage":"fr-CA","@id":"https:\/\/skinnygirlproducts.ca\/#\/schema\/logo\/image\/","url":"https:\/\/skinnygirlproducts.ca\/wp-content\/uploads\/sugar-Twin_CA.png","contentUrl":"https:\/\/skinnygirlproducts.ca\/wp-content\/uploads\/sugar-Twin_CA.png","width":720,"height":474,"caption":"Sugar Twin CA"},"image":{"@id":"https:\/\/skinnygirlproducts.ca\/#\/schema\/logo\/image\/"}}]}},"_links":{"self":[{"href":"https:\/\/skinnygirlproducts.ca\/fr_ca\/wp-json\/wp\/v2\/product\/8795","targetHints":{"allow":["GET"]}}],"collection":[{"href":"https:\/\/skinnygirlproducts.ca\/fr_ca\/wp-json\/wp\/v2\/product"}],"about":[{"href":"https:\/\/skinnygirlproducts.ca\/fr_ca\/wp-json\/wp\/v2\/types\/product"}],"replies":[{"embeddable":true,"href":"https:\/\/skinnygirlproducts.ca\/fr_ca\/wp-json\/wp\/v2\/comments?post=8795"}],"wp:featuredmedia":[{"embeddable":true,"href":"https:\/\/skinnygirlproducts.ca\/fr_ca\/wp-json\/wp\/v2\/media\/8790"}],"wp:attachment":[{"href":"https:\/\/skinnygirlproducts.ca\/fr_ca\/wp-json\/wp\/v2\/media?parent=8795"}],"wp:term":[{"taxonomy":"product_brand","embeddable":true,"href":"https:\/\/skinnygirlproducts.ca\/fr_ca\/wp-json\/wp\/v2\/product_brand?post=8795"},{"taxonomy":"product_cat","embeddable":true,"href":"https:\/\/skinnygirlproducts.ca\/fr_ca\/wp-json\/wp\/v2\/product_cat?post=8795"},{"taxonomy":"product_tag","embeddable":true,"href":"https:\/\/skinnygirlproducts.ca\/fr_ca\/wp-json\/wp\/v2\/product_tag?post=8795"}],"curies":[{"name":"wp","href":"https:\/\/api.w.org\/{rel}","templated":true}]}}